{"id":5824,"date":"2024-07-12T20:56:00","date_gmt":"2024-07-12T17:56:00","guid":{"rendered":"https:\/\/sidedivingcenter.com\/?page_id=5824"},"modified":"2024-08-12T10:52:00","modified_gmt":"2024-08-12T07:52:00","slug":"hakkimizda","status":"publish","type":"page","link":"https:\/\/sidedivingcenter.com\/en\/hakkimizda\/","title":{"rendered":"About Us"},"content":{"rendered":"<div id=\"fws_69e76e7d0c05c\"  data-column-margin=\"default\" data-midnight=\"dark\" data-top-percent=\"5%\" data-bottom-percent=\"2%\"  class=\"wpb_row vc_row-fluid vc_row full-width-section\"  style=\"padding-top: calc(100vw * 0.05); padding-bottom: calc(100vw * 0.02); \"><div class=\"row-bg-wrap\" data-bg-animation=\"none\" data-bg-animation-delay=\"\" data-bg-overlay=\"false\"><div class=\"inner-wrap row-bg-layer\" ><div class=\"row-bg viewport-desktop using-bg-color\"  style=\"background-color: #ffffff; \"><\/div><\/div><\/div><div class=\"row_col_wrap_12 col span_12 dark left\">\n\t<div  class=\"vc_col-sm-12 wpb_column column_container vc_column_container col has-animation no-extra-padding inherit_tablet inherit_phone\"  data-padding-pos=\"all\" data-has-bg-color=\"false\" data-bg-color=\"\" data-bg-opacity=\"1\" data-animation=\"fade-in-from-bottom\" data-delay=\"0\" >\n\t\t<div class=\"vc_column-inner\" >\n\t\t\t<div class=\"wpb_wrapper\">\n\t\t\t\t<div id=\"fws_69e76e7d0d599\" data-midnight=\"\" data-column-margin=\"90px\" class=\"wpb_row vc_row-fluid vc_row inner_row\"  style=\"\"><div class=\"row-bg-wrap\"> <div class=\"row-bg\" ><\/div> <\/div><div class=\"row_col_wrap_12_inner col span_12  left\">\n\t<div  class=\"vc_col-sm-6 wpb_column column_container vc_column_container col child_column has-animation padding-3-percent inherit_tablet inherit_phone\"   data-padding-pos=\"top-bottom\" data-has-bg-color=\"false\" data-bg-color=\"\" data-bg-opacity=\"1\" data-animation=\"fade-in-from-bottom\" data-delay=\"0\" >\n\t\t<div class=\"vc_column-inner\" >\n\t\t<div class=\"wpb_wrapper\">\n\t\t\t\n<div class=\"wpb_text_column wpb_content_element  vc_custom_1720962974457\" >\n\t<div class=\"wpb_wrapper\">\n\t\t<h3>Our Story<\/h3>\n\t<\/div>\n<\/div>\n\n\n\n\n<div class=\"wpb_text_column wpb_content_element  vc_custom_1721765186900\" >\n\t<div class=\"wpb_wrapper\">\n\t\t<p>Side Diving Center is located in the beautiful city of Side, Antalya and organizes various diving activities. We offer our guests unforgettable diving experiences and ensure that they have a safe and enjoyable time. With our experienced team, we cater to all levels of diving enthusiasts. Customer satisfaction is paramount to us, which is why we are constantly improving our services and delivering them to the highest standards. With our passion for diving, we aim to give you the best underwater adventures.<\/p>\n\t<\/div>\n<\/div>\n\n\n\n\n\t\t<\/div> \n\t<\/div>\n\t<\/div> \n\n\t<div  class=\"vc_col-sm-6 wpb_column column_container vc_column_container col child_column has-animation padding-3-percent inherit_tablet inherit_phone\"   data-padding-pos=\"top-bottom\" data-has-bg-color=\"false\" data-bg-color=\"\" data-bg-opacity=\"1\" data-animation=\"fade-in-from-bottom\" data-delay=\"100\" >\n\t\t<div class=\"vc_column-inner\" >\n\t\t<div class=\"wpb_wrapper\">\n\t\t\t\n<div class=\"wpb_text_column wpb_content_element  vc_custom_1720963166664\" >\n\t<div class=\"wpb_wrapper\">\n\t\t<h3>Contact Information<\/h3>\n\t<\/div>\n<\/div>\n\n\n\n<div class=\"nectar-hor-list-item\" data-hover-effect=\"none\" data-br=\"0px\" data-font-family=\"p\" data-color=\"accent-color\" data-columns=\"2\" data-column-layout=\"medium_last\"><div class=\"nectar-list-item\" data-icon=\"false\" data-text-align=\"left\">E-Mail<\/div><div class=\"nectar-list-item\" data-text-align=\"left\"><h5>info@sidedivingcenter.com<\/h5><\/div><\/div><div class=\"nectar-hor-list-item\" data-hover-effect=\"none\" data-br=\"0px\" data-font-family=\"p\" data-color=\"accent-color\" data-columns=\"2\" data-column-layout=\"medium_last\"><div class=\"nectar-list-item\" data-icon=\"false\" data-text-align=\"left\">Cell Phone &amp; Whatsapp<\/div><div class=\"nectar-list-item\" data-text-align=\"left\"><h5>0552 412 07 89<\/h5><\/div><\/div><div class=\"img-with-aniamtion-wrap\" data-max-width=\"100%\" data-max-width-mobile=\"default\" data-shadow=\"none\" data-animation=\"none\" >\n      <div class=\"inner\">\n        <div class=\"hover-wrap\"> \n          <div class=\"hover-wrap-inner\">\n            <img loading=\"lazy\" decoding=\"async\" class=\"img-with-animation skip-lazy\" data-delay=\"0\" height=\"2178\" width=\"3365\" data-animation=\"none\" src=\"https:\/\/sidedivingcenter.com\/wp-content\/uploads\/2024\/07\/lo2ggo.png\" alt=\"\" srcset=\"https:\/\/sidedivingcenter.com\/wp-content\/uploads\/2024\/07\/lo2ggo.png 3365w, https:\/\/sidedivingcenter.com\/wp-content\/uploads\/2024\/07\/lo2ggo-300x194.png 300w, https:\/\/sidedivingcenter.com\/wp-content\/uploads\/2024\/07\/lo2ggo-1024x663.png 1024w, https:\/\/sidedivingcenter.com\/wp-content\/uploads\/2024\/07\/lo2ggo-768x497.png 768w, https:\/\/sidedivingcenter.com\/wp-content\/uploads\/2024\/07\/lo2ggo-1536x994.png 1536w, https:\/\/sidedivingcenter.com\/wp-content\/uploads\/2024\/07\/lo2ggo-2048x1326.png 2048w\" sizes=\"auto, (max-width: 3365px) 100vw, 3365px\" \/>\n          <\/div>\n        <\/div>\n      <\/div>\n    <\/div>\n\t\t<\/div> \n\t<\/div>\n\t<\/div> \n<\/div><\/div>\n\t\t\t<\/div> \n\t\t<\/div>\n\t<\/div> \n<\/div><\/div>","protected":false},"excerpt":{"rendered":"Our Story Side Diving Center is located in the beautiful city of Side, Antalya and organizes various diving activities. By offering our guests unforgettable diving experiences, we ensure their safe and enjoyable...","protected":false},"author":1,"featured_media":0,"parent":0,"menu_order":0,"comment_status":"closed","ping_status":"closed","template":"","meta":{"footnotes":""},"class_list":["post-5824","page","type-page","status-publish"],"yoast_head":"<!-- This site is optimized with the Yoast SEO Premium plugin v23.0 (Yoast SEO v23.0) - https:\/\/yoast.com\/wordpress\/plugins\/seo\/ -->\n<title>Hakk\u0131m\u0131zda - Side Diving Center<\/title>\n<meta name=\"description\" content=\"Side Diving Center, Antalya\u2019n\u0131n Side \u015fehrinde \u00e7e\u015fitli dal\u0131\u015f etkinlikleri d\u00fczenleyen lider bir dal\u0131\u015f merkezidir. Deneyimli ekibimiz ve m\u00fc\u015fteri odakl\u0131 hizmet anlay\u0131\u015f\u0131m\u0131zla dal\u0131\u015fa olan tutkumuzu payla\u015fmak i\u00e7in buraday\u0131z.\" \/>\n<meta name=\"robots\" content=\"index, follow, max-snippet:-1, max-image-preview:large, max-video-preview:-1\" \/>\n<link rel=\"canonical\" href=\"https:\/\/sidedivingcenter.com\/en\/hakkimizda\/\" \/>\n<meta property=\"og:locale\" content=\"en_US\" \/>\n<meta property=\"og:type\" content=\"article\" \/>\n<meta property=\"og:title\" content=\"Hakk\u0131m\u0131zda\" \/>\n<meta property=\"og:description\" content=\"Side Diving Center, Antalya\u2019n\u0131n Side \u015fehrinde \u00e7e\u015fitli dal\u0131\u015f etkinlikleri d\u00fczenleyen lider bir dal\u0131\u015f merkezidir. Deneyimli ekibimiz ve m\u00fc\u015fteri odakl\u0131 hizmet anlay\u0131\u015f\u0131m\u0131zla dal\u0131\u015fa olan tutkumuzu payla\u015fmak i\u00e7in buraday\u0131z.\" \/>\n<meta property=\"og:url\" content=\"https:\/\/sidedivingcenter.com\/en\/hakkimizda\/\" \/>\n<meta property=\"og:site_name\" content=\"Side Diving Center\" \/>\n<meta property=\"article:modified_time\" content=\"2024-08-12T07:52:00+00:00\" \/>\n<meta property=\"og:image\" content=\"https:\/\/sidedivingcenter.com\/wp-content\/uploads\/2024\/07\/lo2ggo.png\" \/>\n\t<meta property=\"og:image:width\" content=\"3365\" \/>\n\t<meta property=\"og:image:height\" content=\"2178\" \/>\n\t<meta property=\"og:image:type\" content=\"image\/png\" \/>\n<meta name=\"twitter:card\" content=\"summary_large_image\" \/>\n<meta name=\"twitter:label1\" content=\"Est. reading time\" \/>\n\t<meta name=\"twitter:data1\" content=\"2 minutes\" \/>\n<script type=\"application\/ld+json\" class=\"yoast-schema-graph\">{\"@context\":\"https:\/\/schema.org\",\"@graph\":[{\"@type\":\"WebPage\",\"@id\":\"https:\/\/sidedivingcenter.com\/hakkimizda\/\",\"url\":\"https:\/\/sidedivingcenter.com\/hakkimizda\/\",\"name\":\"Hakk\u0131m\u0131zda - Side Diving Center\",\"isPartOf\":{\"@id\":\"https:\/\/sidedivingcenter.com\/#website\"},\"datePublished\":\"2024-07-12T17:56:00+00:00\",\"dateModified\":\"2024-08-12T07:52:00+00:00\",\"description\":\"Side Diving Center, Antalya\u2019n\u0131n Side \u015fehrinde \u00e7e\u015fitli dal\u0131\u015f etkinlikleri d\u00fczenleyen lider bir dal\u0131\u015f merkezidir. Deneyimli ekibimiz ve m\u00fc\u015fteri odakl\u0131 hizmet anlay\u0131\u015f\u0131m\u0131zla dal\u0131\u015fa olan tutkumuzu payla\u015fmak i\u00e7in buraday\u0131z.\",\"breadcrumb\":{\"@id\":\"https:\/\/sidedivingcenter.com\/hakkimizda\/#breadcrumb\"},\"inLanguage\":\"en-US\",\"potentialAction\":[{\"@type\":\"ReadAction\",\"target\":[\"https:\/\/sidedivingcenter.com\/hakkimizda\/\"]}]},{\"@type\":\"BreadcrumbList\",\"@id\":\"https:\/\/sidedivingcenter.com\/hakkimizda\/#breadcrumb\",\"itemListElement\":[{\"@type\":\"ListItem\",\"position\":1,\"name\":\"Home\",\"item\":\"https:\/\/sidedivingcenter.com\/\"},{\"@type\":\"ListItem\",\"position\":2,\"name\":\"Hakk\u0131m\u0131zda\"}]},{\"@type\":\"WebSite\",\"@id\":\"https:\/\/sidedivingcenter.com\/#website\",\"url\":\"https:\/\/sidedivingcenter.com\/\",\"name\":\"Side Diving Center\",\"description\":\"\",\"publisher\":{\"@id\":\"https:\/\/sidedivingcenter.com\/#organization\"},\"potentialAction\":[{\"@type\":\"SearchAction\",\"target\":{\"@type\":\"EntryPoint\",\"urlTemplate\":\"https:\/\/sidedivingcenter.com\/?s={search_term_string}\"},\"query-input\":\"required name=search_term_string\"}],\"inLanguage\":\"en-US\"},{\"@type\":\"Organization\",\"@id\":\"https:\/\/sidedivingcenter.com\/#organization\",\"name\":\"Side Diving Center\",\"url\":\"https:\/\/sidedivingcenter.com\/\",\"logo\":{\"@type\":\"ImageObject\",\"inLanguage\":\"en-US\",\"@id\":\"https:\/\/sidedivingcenter.com\/#\/schema\/logo\/image\/\",\"url\":\"https:\/\/sidedivingcenter.com\/wp-content\/uploads\/2024\/07\/logo.png\",\"contentUrl\":\"https:\/\/sidedivingcenter.com\/wp-content\/uploads\/2024\/07\/logo.png\",\"width\":3376,\"height\":3376,\"caption\":\"Side Diving Center\"},\"image\":{\"@id\":\"https:\/\/sidedivingcenter.com\/#\/schema\/logo\/image\/\"},\"sameAs\":[\"https:\/\/www.instagram.com\/sidedivingcenter\/\"],\"description\":\"Side Diving Center, Antalya\u2019n\u0131n g\u00fczel Side \u015fehrinde yer almakta ve \u00e7e\u015fitli dal\u0131\u015f etkinlikleri d\u00fczenlemektedir. Misafirlerimize unutulmaz dal\u0131\u015f deneyimleri sunarak, onlar\u0131n g\u00fcvenli ve keyifli bir zaman ge\u00e7irmelerini sa\u011fl\u0131yoruz. Deneyimli ekibimizle, her seviyeden dal\u0131\u015f merakl\u0131s\u0131na hitap ediyoruz. M\u00fc\u015fteri memnuniyeti bizim i\u00e7in her \u015feyden \u00f6nemlidir; bu nedenle hizmetlerimizi s\u00fcrekli olarak geli\u015ftiriyor ve en y\u00fcksek standartlarda sunuyoruz. Dal\u0131\u015fa olan tutkumuzla, size en iyi sualt\u0131 maceralar\u0131n\u0131 ya\u015fatmay\u0131 hedefliyoruz.\",\"email\":\"info@sidedivingcenter.com\",\"telephone\":\"+905524120789\",\"legalName\":\"Side Diving Center\"}]}<\/script>\n<!-- \/ Yoast SEO Premium plugin. -->","yoast_head_json":{"title":"Hakk\u0131m\u0131zda - Side Diving Center","description":"Side Diving Center, Antalya\u2019n\u0131n Side \u015fehrinde \u00e7e\u015fitli dal\u0131\u015f etkinlikleri d\u00fczenleyen lider bir dal\u0131\u015f merkezidir. Deneyimli ekibimiz ve m\u00fc\u015fteri odakl\u0131 hizmet anlay\u0131\u015f\u0131m\u0131zla dal\u0131\u015fa olan tutkumuzu payla\u015fmak i\u00e7in buraday\u0131z.","robots":{"index":"index","follow":"follow","max-snippet":"max-snippet:-1","max-image-preview":"max-image-preview:large","max-video-preview":"max-video-preview:-1"},"canonical":"https:\/\/sidedivingcenter.com\/en\/hakkimizda\/","og_locale":"en_US","og_type":"article","og_title":"Hakk\u0131m\u0131zda","og_description":"Side Diving Center, Antalya\u2019n\u0131n Side \u015fehrinde \u00e7e\u015fitli dal\u0131\u015f etkinlikleri d\u00fczenleyen lider bir dal\u0131\u015f merkezidir. Deneyimli ekibimiz ve m\u00fc\u015fteri odakl\u0131 hizmet anlay\u0131\u015f\u0131m\u0131zla dal\u0131\u015fa olan tutkumuzu payla\u015fmak i\u00e7in buraday\u0131z.","og_url":"https:\/\/sidedivingcenter.com\/en\/hakkimizda\/","og_site_name":"Side Diving Center","article_modified_time":"2024-08-12T07:52:00+00:00","og_image":[{"width":3365,"height":2178,"url":"https:\/\/sidedivingcenter.com\/wp-content\/uploads\/2024\/07\/lo2ggo.png","type":"image\/png"}],"twitter_card":"summary_large_image","twitter_misc":{"Est. reading time":"2 minutes"},"schema":{"@context":"https:\/\/schema.org","@graph":[{"@type":"WebPage","@id":"https:\/\/sidedivingcenter.com\/hakkimizda\/","url":"https:\/\/sidedivingcenter.com\/hakkimizda\/","name":"Hakk\u0131m\u0131zda - Side Diving Center","isPartOf":{"@id":"https:\/\/sidedivingcenter.com\/#website"},"datePublished":"2024-07-12T17:56:00+00:00","dateModified":"2024-08-12T07:52:00+00:00","description":"Side Diving Center, Antalya\u2019n\u0131n Side \u015fehrinde \u00e7e\u015fitli dal\u0131\u015f etkinlikleri d\u00fczenleyen lider bir dal\u0131\u015f merkezidir. Deneyimli ekibimiz ve m\u00fc\u015fteri odakl\u0131 hizmet anlay\u0131\u015f\u0131m\u0131zla dal\u0131\u015fa olan tutkumuzu payla\u015fmak i\u00e7in buraday\u0131z.","breadcrumb":{"@id":"https:\/\/sidedivingcenter.com\/hakkimizda\/#breadcrumb"},"inLanguage":"en-US","potentialAction":[{"@type":"ReadAction","target":["https:\/\/sidedivingcenter.com\/hakkimizda\/"]}]},{"@type":"BreadcrumbList","@id":"https:\/\/sidedivingcenter.com\/hakkimizda\/#breadcrumb","itemListElement":[{"@type":"ListItem","position":1,"name":"Home","item":"https:\/\/sidedivingcenter.com\/"},{"@type":"ListItem","position":2,"name":"Hakk\u0131m\u0131zda"}]},{"@type":"WebSite","@id":"https:\/\/sidedivingcenter.com\/#website","url":"https:\/\/sidedivingcenter.com\/","name":"Side Diving Center","description":"","publisher":{"@id":"https:\/\/sidedivingcenter.com\/#organization"},"potentialAction":[{"@type":"SearchAction","target":{"@type":"EntryPoint","urlTemplate":"https:\/\/sidedivingcenter.com\/?s={search_term_string}"},"query-input":"required name=search_term_string"}],"inLanguage":"en-US"},{"@type":"Organization","@id":"https:\/\/sidedivingcenter.com\/#organization","name":"Side Diving Center","url":"https:\/\/sidedivingcenter.com\/","logo":{"@type":"ImageObject","inLanguage":"en-US","@id":"https:\/\/sidedivingcenter.com\/#\/schema\/logo\/image\/","url":"https:\/\/sidedivingcenter.com\/wp-content\/uploads\/2024\/07\/logo.png","contentUrl":"https:\/\/sidedivingcenter.com\/wp-content\/uploads\/2024\/07\/logo.png","width":3376,"height":3376,"caption":"Side Diving Center"},"image":{"@id":"https:\/\/sidedivingcenter.com\/#\/schema\/logo\/image\/"},"sameAs":["https:\/\/www.instagram.com\/sidedivingcenter\/"],"description":"Side Diving Center, Antalya\u2019n\u0131n g\u00fczel Side \u015fehrinde yer almakta ve \u00e7e\u015fitli dal\u0131\u015f etkinlikleri d\u00fczenlemektedir. Misafirlerimize unutulmaz dal\u0131\u015f deneyimleri sunarak, onlar\u0131n g\u00fcvenli ve keyifli bir zaman ge\u00e7irmelerini sa\u011fl\u0131yoruz. Deneyimli ekibimizle, her seviyeden dal\u0131\u015f merakl\u0131s\u0131na hitap ediyoruz. M\u00fc\u015fteri memnuniyeti bizim i\u00e7in her \u015feyden \u00f6nemlidir; bu nedenle hizmetlerimizi s\u00fcrekli olarak geli\u015ftiriyor ve en y\u00fcksek standartlarda sunuyoruz. Dal\u0131\u015fa olan tutkumuzla, size en iyi sualt\u0131 maceralar\u0131n\u0131 ya\u015fatmay\u0131 hedefliyoruz.","email":"info@sidedivingcenter.com","telephone":"+905524120789","legalName":"Side Diving Center"}]}},"_links":{"self":[{"href":"https:\/\/sidedivingcenter.com\/en\/wp-json\/wp\/v2\/pages\/5824","targetHints":{"allow":["GET"]}}],"collection":[{"href":"https:\/\/sidedivingcenter.com\/en\/wp-json\/wp\/v2\/pages"}],"about":[{"href":"https:\/\/sidedivingcenter.com\/en\/wp-json\/wp\/v2\/types\/page"}],"author":[{"embeddable":true,"href":"https:\/\/sidedivingcenter.com\/en\/wp-json\/wp\/v2\/users\/1"}],"replies":[{"embeddable":true,"href":"https:\/\/sidedivingcenter.com\/en\/wp-json\/wp\/v2\/comments?post=5824"}],"version-history":[{"count":1,"href":"https:\/\/sidedivingcenter.com\/en\/wp-json\/wp\/v2\/pages\/5824\/revisions"}],"predecessor-version":[{"id":6249,"href":"https:\/\/sidedivingcenter.com\/en\/wp-json\/wp\/v2\/pages\/5824\/revisions\/6249"}],"wp:attachment":[{"href":"https:\/\/sidedivingcenter.com\/en\/wp-json\/wp\/v2\/media?parent=5824"}],"curies":[{"name":"wp","href":"https:\/\/api.w.org\/{rel}","templated":true}]}}