{"id":5831,"date":"2024-07-12T20:57:40","date_gmt":"2024-07-12T17:57:40","guid":{"rendered":"https:\/\/sidedivingcenter.com\/?page_id=5831"},"modified":"2024-08-12T10:50:31","modified_gmt":"2024-08-12T07:50:31","slug":"dalislar","status":"publish","type":"page","link":"https:\/\/sidedivingcenter.com\/en\/dalislar\/","title":{"rendered":"Dives"},"content":{"rendered":"<div id=\"services\"  data-column-margin=\"default\" data-midnight=\"dark\" data-top-percent=\"3%\" data-bottom-percent=\"6%\"  class=\"wpb_row vc_row-fluid vc_row full-width-section\"  style=\"padding-top: calc(100vw * 0.03); padding-bottom: calc(100vw * 0.06); \"><div class=\"row-bg-wrap\" data-bg-animation=\"none\" data-bg-animation-delay=\"\" data-bg-overlay=\"false\"><div class=\"inner-wrap row-bg-layer\" ><div class=\"row-bg viewport-desktop\"  style=\"\"><\/div><\/div><\/div><div class=\"nectar-shape-divider-wrap no-color\" style=\" height:50px;\"  data-height=\"50\" data-front=\"\" data-style=\"curve_opacity\" data-position=\"bottom\" ><svg class=\"nectar-shape-divider\" fill=\"\" xmlns=\"http:\/\/www.w3.org\/2000\/svg\" viewbox=\"0 0 1000 100\" preserveaspectratio=\"none\"> <path d=\"M 0 14 s 88.64 3.48 300 36 c 260 40 514 27 703 -10 l 12 28 l 3 36 h -1018 z\"><\/path> <path d=\"M 0 45 s 271 45.13 500 32 c 157 -9 330 -47 515 -63 v 86 h -1015 z\"><\/path> <path d=\"M 0 58 s 188.29 32 508 32 c 290 0 494 -35 494 -35 v 45 h -1002 z\"><\/path> <\/svg><\/div><div class=\"row_col_wrap_12 col span_12 dark center\">\n\t<div  class=\"vc_col-sm-12 wpb_column column_container vc_column_container col no-extra-padding inherit_tablet inherit_phone\"  data-padding-pos=\"all\" data-has-bg-color=\"false\" data-bg-color=\"\" data-bg-opacity=\"1\" data-animation=\"\" data-delay=\"0\" >\n\t\t<div class=\"vc_column-inner\" >\n\t\t\t<div class=\"wpb_wrapper\">\n\t\t\t\t\n<div class=\"wpb_text_column wpb_content_element  vc_custom_1722195872603\" >\n\t<div class=\"wpb_wrapper\">\n\t\t<h1><strong>Our Dives<\/strong><\/h1>\n\t<\/div>\n<\/div>\n\n\n\n<div class=\"divider-wrap\" data-alignment=\"default\"><div style=\"margin-top: 12.5px; height: 5px; margin-bottom: 12.5px;\" data-width=\"100%\" data-animate=\"\" data-animation-delay=\"\" data-color=\"extra-color-gradient-1\" class=\"divider-border\"><\/div><\/div><div id=\"fws_6a0734676b700\" data-midnight=\"\" data-column-margin=\"20px\" class=\"wpb_row vc_row-fluid vc_row inner_row\"  style=\"padding-top: 33px; padding-bottom: 33px; \"><div class=\"row-bg-wrap\"> <div class=\"row-bg\" ><\/div> <\/div><div class=\"row_col_wrap_12_inner col span_12  left\">\n\t<div style=\" color: #0a0a0a;\" class=\"vc_col-sm-4 wpb_column column_container vc_column_container col child_column has-animation no-extra-padding inherit_tablet inherit_phone\" data-cfc=\"true\"  data-padding-pos=\"all\" data-has-bg-color=\"false\" data-bg-color=\"\" data-bg-opacity=\"1\" data-animation=\"fade-in-from-bottom\" data-delay=\"0\" >\n\t\t<div class=\"vc_column-inner\" >\n\t\t<div class=\"wpb_wrapper\">\n\t\t\t<div class=\"nectar-fancy-box using-img  hover_color_0a0a0a\" style=\"min-height: 300px\" data-style=\"hover_desc\" data-border-radius=\"10px\" data-animation=\"\" data-bg-animation=\"long_zoom\" data-border=\"\" data-delay=\"\" data-alignment=\"left\" data-color=\"accent-color\" ><div class=\"box-bg\"  data-nectar-img-src=\"https:\/\/sidedivingcenter.com\/wp-content\/uploads\/2024\/08\/1682500375682-IMG_2665-1.jpeg\"><\/div><div class=\"inner\"><div class=\"heading-wrap\">\n<h4>Underwater Museum<\/h4>\n<\/div><div class=\"hover-content\">Unique adventure at the Underwater Museum.<\/div><\/div>   <\/div>\n\t\t<\/div> \n\t<\/div>\n\t<\/div> \n\n\t<div  class=\"vc_col-sm-4 wpb_column column_container vc_column_container col child_column has-animation no-extra-padding inherit_tablet inherit_phone\"   data-padding-pos=\"all\" data-has-bg-color=\"false\" data-bg-color=\"\" data-bg-opacity=\"1\" data-animation=\"fade-in-from-bottom\" data-delay=\"50\" >\n\t\t<div class=\"vc_column-inner\" >\n\t\t<div class=\"wpb_wrapper\">\n\t\t\t<div class=\"nectar-fancy-box using-img  hover_color_0a0a0a\" style=\"min-height: 300px\" data-style=\"hover_desc\" data-border-radius=\"10px\" data-animation=\"\" data-bg-animation=\"long_zoom\" data-border=\"\" data-delay=\"\" data-alignment=\"left\" data-color=\"accent-color\" ><div class=\"box-bg\"  data-nectar-img-src=\"https:\/\/sidedivingcenter.com\/wp-content\/uploads\/2024\/08\/1130932.jpg\"><\/div><div class=\"inner\"><div class=\"heading-wrap\">\n<h4>Caravan Zone<\/h4>\n<\/div><div class=\"hover-content\">Unique adventure in the caravan region.<\/div><\/div>   <\/div>\n\t\t<\/div> \n\t<\/div>\n\t<\/div> \n\n\t<div  class=\"vc_col-sm-4 wpb_column column_container vc_column_container col child_column has-animation no-extra-padding inherit_tablet inherit_phone\"   data-padding-pos=\"all\" data-has-bg-color=\"false\" data-bg-color=\"\" data-bg-opacity=\"1\" data-animation=\"fade-in-from-bottom\" data-delay=\"100\" >\n\t\t<div class=\"vc_column-inner\" >\n\t\t<div class=\"wpb_wrapper\">\n\t\t\t<div class=\"nectar-fancy-box using-img  hover_color_0a0a0a\" style=\"min-height: 300px\" data-style=\"hover_desc\" data-border-radius=\"10px\" data-animation=\"\" data-bg-animation=\"long_zoom\" data-border=\"\" data-delay=\"\" data-alignment=\"left\" data-color=\"accent-color\" ><div class=\"box-bg\"  data-nectar-img-src=\"https:\/\/sidedivingcenter.com\/wp-content\/uploads\/2024\/08\/1682500364334-IMG_2663.jpeg\"><\/div><div class=\"inner\"><div class=\"heading-wrap\">\n<h4>Sunken Ship<\/h4>\n<\/div><div class=\"hover-content\">Unique adventure on the Sunken Ship.<\/div><\/div>   <\/div>\n\t\t<\/div> \n\t<\/div>\n\t<\/div> \n<\/div><\/div>\n\t\t\t<\/div> \n\t\t<\/div>\n\t<\/div> \n<\/div><\/div>","protected":false},"excerpt":{"rendered":"Our dives Underwater Museum Unique adventure in the Underwater Museum. Caravan Zone Unique adventure in the caravan zone. Sunken Ship Unique adventure in the Sunken Ship.","protected":false},"author":1,"featured_media":0,"parent":0,"menu_order":0,"comment_status":"closed","ping_status":"closed","template":"","meta":{"footnotes":""},"class_list":["post-5831","page","type-page","status-publish"],"yoast_head":"<!-- This site is optimized with the Yoast SEO Premium plugin v23.0 (Yoast SEO v23.0) - https:\/\/yoast.com\/wordpress\/plugins\/seo\/ -->\n<title>Dal\u0131\u015flar - Side Diving Center<\/title>\n<meta name=\"description\" content=\"Side Diving Center, Antalya\u2019n\u0131n Side \u015fehrinde unutulmaz dal\u0131\u015f deneyimleri sunuyor. Her seviyeden dal\u0131\u015f merakl\u0131s\u0131 i\u00e7in ideal dal\u0131\u015f turlar\u0131 ve etkinlikler i\u00e7in &quot;Dal\u0131\u015flar&quot; sayfam\u0131z\u0131 ziyaret edin.\" \/>\n<meta name=\"robots\" content=\"index, follow, max-snippet:-1, max-image-preview:large, max-video-preview:-1\" \/>\n<link rel=\"canonical\" href=\"https:\/\/sidedivingcenter.com\/en\/dalislar\/\" \/>\n<meta property=\"og:locale\" content=\"en_US\" \/>\n<meta property=\"og:type\" content=\"article\" \/>\n<meta property=\"og:title\" content=\"Dal\u0131\u015flar\" \/>\n<meta property=\"og:description\" content=\"Side Diving Center, Antalya\u2019n\u0131n Side \u015fehrinde unutulmaz dal\u0131\u015f deneyimleri sunuyor. Her seviyeden dal\u0131\u015f merakl\u0131s\u0131 i\u00e7in ideal dal\u0131\u015f turlar\u0131 ve etkinlikler i\u00e7in &quot;Dal\u0131\u015flar&quot; sayfam\u0131z\u0131 ziyaret edin.\" \/>\n<meta property=\"og:url\" content=\"https:\/\/sidedivingcenter.com\/en\/dalislar\/\" \/>\n<meta property=\"og:site_name\" content=\"Side Diving Center\" \/>\n<meta property=\"article:modified_time\" content=\"2024-08-12T07:50:31+00:00\" \/>\n<meta property=\"og:image\" content=\"https:\/\/sidedivingcenter.com\/wp-content\/uploads\/2024\/07\/lo2ggo.png\" \/>\n\t<meta property=\"og:image:width\" content=\"3365\" \/>\n\t<meta property=\"og:image:height\" content=\"2178\" \/>\n\t<meta property=\"og:image:type\" content=\"image\/png\" \/>\n<meta name=\"twitter:card\" content=\"summary_large_image\" \/>\n<meta name=\"twitter:label1\" content=\"Est. reading time\" \/>\n\t<meta name=\"twitter:data1\" content=\"3 minutes\" \/>\n<script type=\"application\/ld+json\" class=\"yoast-schema-graph\">{\"@context\":\"https:\/\/schema.org\",\"@graph\":[{\"@type\":\"WebPage\",\"@id\":\"https:\/\/sidedivingcenter.com\/dalislar\/\",\"url\":\"https:\/\/sidedivingcenter.com\/dalislar\/\",\"name\":\"Dal\u0131\u015flar - Side Diving Center\",\"isPartOf\":{\"@id\":\"https:\/\/sidedivingcenter.com\/#website\"},\"datePublished\":\"2024-07-12T17:57:40+00:00\",\"dateModified\":\"2024-08-12T07:50:31+00:00\",\"description\":\"Side Diving Center, Antalya\u2019n\u0131n Side \u015fehrinde unutulmaz dal\u0131\u015f deneyimleri sunuyor. Her seviyeden dal\u0131\u015f merakl\u0131s\u0131 i\u00e7in ideal dal\u0131\u015f turlar\u0131 ve etkinlikler i\u00e7in \\\"Dal\u0131\u015flar\\\" sayfam\u0131z\u0131 ziyaret edin.\",\"breadcrumb\":{\"@id\":\"https:\/\/sidedivingcenter.com\/dalislar\/#breadcrumb\"},\"inLanguage\":\"en-US\",\"potentialAction\":[{\"@type\":\"ReadAction\",\"target\":[\"https:\/\/sidedivingcenter.com\/dalislar\/\"]}]},{\"@type\":\"BreadcrumbList\",\"@id\":\"https:\/\/sidedivingcenter.com\/dalislar\/#breadcrumb\",\"itemListElement\":[{\"@type\":\"ListItem\",\"position\":1,\"name\":\"Home\",\"item\":\"https:\/\/sidedivingcenter.com\/\"},{\"@type\":\"ListItem\",\"position\":2,\"name\":\"Dal\u0131\u015flar\"}]},{\"@type\":\"WebSite\",\"@id\":\"https:\/\/sidedivingcenter.com\/#website\",\"url\":\"https:\/\/sidedivingcenter.com\/\",\"name\":\"Side Diving Center\",\"description\":\"Europe&#039;s Largest Underwater Museum\",\"publisher\":{\"@id\":\"https:\/\/sidedivingcenter.com\/#organization\"},\"potentialAction\":[{\"@type\":\"SearchAction\",\"target\":{\"@type\":\"EntryPoint\",\"urlTemplate\":\"https:\/\/sidedivingcenter.com\/?s={search_term_string}\"},\"query-input\":\"required name=search_term_string\"}],\"inLanguage\":\"en-US\"},{\"@type\":\"Organization\",\"@id\":\"https:\/\/sidedivingcenter.com\/#organization\",\"name\":\"Side Diving Center\",\"url\":\"https:\/\/sidedivingcenter.com\/\",\"logo\":{\"@type\":\"ImageObject\",\"inLanguage\":\"en-US\",\"@id\":\"https:\/\/sidedivingcenter.com\/#\/schema\/logo\/image\/\",\"url\":\"https:\/\/sidedivingcenter.com\/wp-content\/uploads\/2024\/07\/logo.png\",\"contentUrl\":\"https:\/\/sidedivingcenter.com\/wp-content\/uploads\/2024\/07\/logo.png\",\"width\":3376,\"height\":3376,\"caption\":\"Side Diving Center\"},\"image\":{\"@id\":\"https:\/\/sidedivingcenter.com\/#\/schema\/logo\/image\/\"},\"sameAs\":[\"https:\/\/www.instagram.com\/sidedivingcenter\/\"],\"description\":\"Side Diving Center, Antalya\u2019n\u0131n g\u00fczel Side \u015fehrinde yer almakta ve \u00e7e\u015fitli dal\u0131\u015f etkinlikleri d\u00fczenlemektedir. Misafirlerimize unutulmaz dal\u0131\u015f deneyimleri sunarak, onlar\u0131n g\u00fcvenli ve keyifli bir zaman ge\u00e7irmelerini sa\u011fl\u0131yoruz. Deneyimli ekibimizle, her seviyeden dal\u0131\u015f merakl\u0131s\u0131na hitap ediyoruz. M\u00fc\u015fteri memnuniyeti bizim i\u00e7in her \u015feyden \u00f6nemlidir; bu nedenle hizmetlerimizi s\u00fcrekli olarak geli\u015ftiriyor ve en y\u00fcksek standartlarda sunuyoruz. Dal\u0131\u015fa olan tutkumuzla, size en iyi sualt\u0131 maceralar\u0131n\u0131 ya\u015fatmay\u0131 hedefliyoruz.\",\"email\":\"info@sidedivingcenter.com\",\"telephone\":\"+905524120789\",\"legalName\":\"Side Diving Center\"}]}<\/script>\n<!-- \/ Yoast SEO Premium plugin. -->","yoast_head_json":{"title":"Dal\u0131\u015flar - Side Diving Center","description":"Side Diving Center, Antalya\u2019n\u0131n Side \u015fehrinde unutulmaz dal\u0131\u015f deneyimleri sunuyor. Her seviyeden dal\u0131\u015f merakl\u0131s\u0131 i\u00e7in ideal dal\u0131\u015f turlar\u0131 ve etkinlikler i\u00e7in \"Dal\u0131\u015flar\" sayfam\u0131z\u0131 ziyaret edin.","robots":{"index":"index","follow":"follow","max-snippet":"max-snippet:-1","max-image-preview":"max-image-preview:large","max-video-preview":"max-video-preview:-1"},"canonical":"https:\/\/sidedivingcenter.com\/en\/dalislar\/","og_locale":"en_US","og_type":"article","og_title":"Dal\u0131\u015flar","og_description":"Side Diving Center, Antalya\u2019n\u0131n Side \u015fehrinde unutulmaz dal\u0131\u015f deneyimleri sunuyor. Her seviyeden dal\u0131\u015f merakl\u0131s\u0131 i\u00e7in ideal dal\u0131\u015f turlar\u0131 ve etkinlikler i\u00e7in \"Dal\u0131\u015flar\" sayfam\u0131z\u0131 ziyaret edin.","og_url":"https:\/\/sidedivingcenter.com\/en\/dalislar\/","og_site_name":"Side Diving Center","article_modified_time":"2024-08-12T07:50:31+00:00","og_image":[{"width":3365,"height":2178,"url":"https:\/\/sidedivingcenter.com\/wp-content\/uploads\/2024\/07\/lo2ggo.png","type":"image\/png"}],"twitter_card":"summary_large_image","twitter_misc":{"Est. reading time":"3 minutes"},"schema":{"@context":"https:\/\/schema.org","@graph":[{"@type":"WebPage","@id":"https:\/\/sidedivingcenter.com\/dalislar\/","url":"https:\/\/sidedivingcenter.com\/dalislar\/","name":"Dal\u0131\u015flar - Side Diving Center","isPartOf":{"@id":"https:\/\/sidedivingcenter.com\/#website"},"datePublished":"2024-07-12T17:57:40+00:00","dateModified":"2024-08-12T07:50:31+00:00","description":"Side Diving Center, Antalya\u2019n\u0131n Side \u015fehrinde unutulmaz dal\u0131\u015f deneyimleri sunuyor. Her seviyeden dal\u0131\u015f merakl\u0131s\u0131 i\u00e7in ideal dal\u0131\u015f turlar\u0131 ve etkinlikler i\u00e7in \"Dal\u0131\u015flar\" sayfam\u0131z\u0131 ziyaret edin.","breadcrumb":{"@id":"https:\/\/sidedivingcenter.com\/dalislar\/#breadcrumb"},"inLanguage":"en-US","potentialAction":[{"@type":"ReadAction","target":["https:\/\/sidedivingcenter.com\/dalislar\/"]}]},{"@type":"BreadcrumbList","@id":"https:\/\/sidedivingcenter.com\/dalislar\/#breadcrumb","itemListElement":[{"@type":"ListItem","position":1,"name":"Home","item":"https:\/\/sidedivingcenter.com\/"},{"@type":"ListItem","position":2,"name":"Dal\u0131\u015flar"}]},{"@type":"WebSite","@id":"https:\/\/sidedivingcenter.com\/#website","url":"https:\/\/sidedivingcenter.com\/","name":"Side Diving Center","description":"Europe&#039;s Largest Underwater Museum","publisher":{"@id":"https:\/\/sidedivingcenter.com\/#organization"},"potentialAction":[{"@type":"SearchAction","target":{"@type":"EntryPoint","urlTemplate":"https:\/\/sidedivingcenter.com\/?s={search_term_string}"},"query-input":"required name=search_term_string"}],"inLanguage":"en-US"},{"@type":"Organization","@id":"https:\/\/sidedivingcenter.com\/#organization","name":"Side Diving Center","url":"https:\/\/sidedivingcenter.com\/","logo":{"@type":"ImageObject","inLanguage":"en-US","@id":"https:\/\/sidedivingcenter.com\/#\/schema\/logo\/image\/","url":"https:\/\/sidedivingcenter.com\/wp-content\/uploads\/2024\/07\/logo.png","contentUrl":"https:\/\/sidedivingcenter.com\/wp-content\/uploads\/2024\/07\/logo.png","width":3376,"height":3376,"caption":"Side Diving Center"},"image":{"@id":"https:\/\/sidedivingcenter.com\/#\/schema\/logo\/image\/"},"sameAs":["https:\/\/www.instagram.com\/sidedivingcenter\/"],"description":"Side Diving Center, Antalya\u2019n\u0131n g\u00fczel Side \u015fehrinde yer almakta ve \u00e7e\u015fitli dal\u0131\u015f etkinlikleri d\u00fczenlemektedir. Misafirlerimize unutulmaz dal\u0131\u015f deneyimleri sunarak, onlar\u0131n g\u00fcvenli ve keyifli bir zaman ge\u00e7irmelerini sa\u011fl\u0131yoruz. Deneyimli ekibimizle, her seviyeden dal\u0131\u015f merakl\u0131s\u0131na hitap ediyoruz. M\u00fc\u015fteri memnuniyeti bizim i\u00e7in her \u015feyden \u00f6nemlidir; bu nedenle hizmetlerimizi s\u00fcrekli olarak geli\u015ftiriyor ve en y\u00fcksek standartlarda sunuyoruz. Dal\u0131\u015fa olan tutkumuzla, size en iyi sualt\u0131 maceralar\u0131n\u0131 ya\u015fatmay\u0131 hedefliyoruz.","email":"info@sidedivingcenter.com","telephone":"+905524120789","legalName":"Side Diving Center"}]}},"_links":{"self":[{"href":"https:\/\/sidedivingcenter.com\/en\/wp-json\/wp\/v2\/pages\/5831","targetHints":{"allow":["GET"]}}],"collection":[{"href":"https:\/\/sidedivingcenter.com\/en\/wp-json\/wp\/v2\/pages"}],"about":[{"href":"https:\/\/sidedivingcenter.com\/en\/wp-json\/wp\/v2\/types\/page"}],"author":[{"embeddable":true,"href":"https:\/\/sidedivingcenter.com\/en\/wp-json\/wp\/v2\/users\/1"}],"replies":[{"embeddable":true,"href":"https:\/\/sidedivingcenter.com\/en\/wp-json\/wp\/v2\/comments?post=5831"}],"version-history":[{"count":1,"href":"https:\/\/sidedivingcenter.com\/en\/wp-json\/wp\/v2\/pages\/5831\/revisions"}],"predecessor-version":[{"id":6247,"href":"https:\/\/sidedivingcenter.com\/en\/wp-json\/wp\/v2\/pages\/5831\/revisions\/6247"}],"wp:attachment":[{"href":"https:\/\/sidedivingcenter.com\/en\/wp-json\/wp\/v2\/media?parent=5831"}],"curies":[{"name":"wp","href":"https:\/\/api.w.org\/{rel}","templated":true}]}}