{"id":5917,"date":"2024-07-24T20:28:50","date_gmt":"2024-07-24T17:28:50","guid":{"rendered":"https:\/\/sidedivingcenter.com\/?page_id=5917"},"modified":"2026-04-29T20:21:55","modified_gmt":"2026-04-29T17:21:55","slug":"rezervasyon","status":"publish","type":"page","link":"https:\/\/sidedivingcenter.com\/en\/rezervasyon\/","title":{"rendered":"Reservation"},"content":{"rendered":"<div id=\"fws_69f27705a0de9\"  data-column-margin=\"default\" data-midnight=\"dark\"  class=\"wpb_row vc_row-fluid vc_row full-width-section\"  style=\"padding-top: 0px; padding-bottom: 0px; \"><div class=\"row-bg-wrap\" data-bg-animation=\"none\" data-bg-animation-delay=\"\" data-bg-overlay=\"false\"><div class=\"inner-wrap row-bg-layer\" ><div class=\"row-bg viewport-desktop using-bg-color\"  style=\"background-color: rgba(226,226,226,0.01); \"><\/div><\/div><\/div><div class=\"nectar-shape-divider-wrap\" style=\" height:50px;\"  data-height=\"50\" data-front=\"\" data-style=\"fan\" data-position=\"top\" ><svg class=\"nectar-shape-divider\" aria-hidden=\"true\" fill=\"#bfeaff\" xmlns=\"http:\/\/www.w3.org\/2000\/svg\" viewbox=\"0 0 1003.92 91\" preserveaspectratio=\"none\"> <polygon class=\"cls-1\" points=\"502.46 46.31 1 85.67 1 91.89 1002.91 91.89 1002.91 85.78 502.46 46.31\"\/><polygon class=\"cls-2\" points=\"502.46 45.8 1 0 1 91.38 1002.91 91.38 1002.91 0.1 502.46 45.8\"\/><rect class=\"cls-3\" y=\"45.81\" width=\"1003.92\" height=\"46.09\"\/>\n          <\/svg><\/div><div class=\"nectar-shape-divider-wrap\" style=\" height:50px;\"  data-height=\"50\" data-front=\"\" data-style=\"fan\" data-position=\"bottom\" ><svg class=\"nectar-shape-divider\" aria-hidden=\"true\" fill=\"#bfeaff\" xmlns=\"http:\/\/www.w3.org\/2000\/svg\" viewbox=\"0 0 1003.92 91\" preserveaspectratio=\"none\"> <polygon class=\"cls-1\" points=\"502.46 46.31 1 85.67 1 91.89 1002.91 91.89 1002.91 85.78 502.46 46.31\"\/><polygon class=\"cls-2\" points=\"502.46 45.8 1 0 1 91.38 1002.91 91.38 1002.91 0.1 502.46 45.8\"\/><rect class=\"cls-3\" y=\"45.81\" width=\"1003.92\" height=\"46.09\"\/>\n          <\/svg><\/div><div class=\"row_col_wrap_12 col span_12 dark left\">\n\t<div style=\"\" class=\"vc_col-sm-12 wpb_column column_container vc_column_container col no-extra-padding inherit_tablet inherit_phone\" data-using-bg=\"true\" data-padding-pos=\"all\" data-has-bg-color=\"true\" data-bg-color=\"rgba(255,255,255,0.01)\" data-bg-opacity=\"1\" data-animation=\"\" data-delay=\"0\" >\n\t\t<div class=\"vc_column-inner\" ><div class=\"column-bg-overlay-wrap column-bg-layer\" data-bg-animation=\"none\"><div class=\"column-bg-overlay\" style=\"opacity: 1; background-color: rgba(255,255,255,0.01);\"><\/div><\/div>\n\t\t\t<div class=\"wpb_wrapper\">\n\t\t\t\t\n<div class=\"wpb_text_column wpb_content_element\" >\n\t<div class=\"wpb_wrapper\">\n\t\t<div class='fluentform ff-default fluentform_wrapper_3 ffs_default_wrap'><form data-form_id=\"3\" id=\"fluentform_3\" class=\"frm-fluent-form fluent_form_3 ff-el-form-top ff_form_instance_3_1 ff-form-loading ff_calc_form ffs_default\" data-form_instance=\"ff_form_instance_3_1\" method=\"POST\" action=\"\" ><fieldset  style=\"border: none!important;margin: 0!important;padding: 0!important;background-color: transparent!important;box-shadow: none!important;outline: none!important; min-inline-size: 100%;\">\n                    <legend class=\"ff_screen_reader_title\" style=\"display: block; margin: 0!important;padding: 0!important;height: 0!important;text-indent: -999999px;width: 0!important;overflow:hidden;\">Real_Reservation_Form<\/legend><input type='hidden' name='__fluent_form_embded_post_id' value='5917' \/><input type=\"hidden\" id=\"_fluentform_3_fluentformnonce\" name=\"_fluentform_3_fluentformnonce\" value=\"5a1af7f1f9\" \/><input type=\"hidden\" name=\"_wp_http_referer\" value=\"\/en\/wp-json\/wp\/v2\/pages\/5917\" \/><div data-name=\"ff_cn_id_1\"  class='ff-t-container ff-column-container ff_columns_total_2'><div class='ff-t-cell ff-t-column-1' style='flex-basis: 50%;'><div data-type=\"name-element\" data-name=\"isim\" class=\"ff-field_container ff-name-field-wrapper\" ><div class='ff-t-container'><div class='ff-t-cell'><div class='ff-el-group'><div class=\"ff-el-input--label asterisk-right\"><label for='ff_3_isim_first_name_' >Your Name and Surname<\/label><\/div><div class='ff-el-input--content'><input type=\"text\" name=\"isim[first_name]\" id=\"ff_3_isim_first_name_\" class=\"ff-el-form-control\" placeholder=\"Enter Name and Surname.\" aria-invalid=\"false\" aria-required=\"false\"><\/div><\/div><\/div><\/div><\/div><\/div><div class='ff-t-cell ff-t-column-2' style='flex-basis: 50%;'><div class='ff-el-group'><div class=\"ff-el-input--label ff-el-is-required asterisk-right\"><label for='ff_3_telefon_numara' aria-label=\"Your Phone Number\">Your Phone Number<\/label><\/div><div class='ff-el-input--content'><input name=\"telefon_numara\" class=\"ff-el-form-control ff-el-phone\" type=\"tel\" placeholder=\"Enter Phone Number.\" data-name=\"telefon_numara\" id=\"ff_3_telefon_numara\" inputmode=\"tel\"  aria-invalid='false' aria-required=\"true\"><\/div><\/div><\/div><\/div><div class='ff-el-group'><div class=\"ff-el-input--label ff-el-is-required asterisk-right\"><label for='ff_3_tour_name' >L\u00fctfen Program Se\u00e7iniz<\/label><\/div><div class='ff-el-input--content'><select name=\"tour_name\" id=\"ff_3_tour_name\" class=\"ff-el-form-control\" data-name=\"tour_name\" data-calc_value=\"0\"  aria-invalid=\"false\" aria-required=\"true\"><option value=\"\">Choose<\/option><option data-calc_value=\"35\" data-custom-properties=\"35\" value=\"Standart Program, Sualt\u0131 M\u00fczesi + Kumk\u00f6y Koyu 35\u20ac\"  >Standard Program, Underwater Museum + Kumkoy Bay 35\u20ac<\/option><option data-calc_value=\"75\" data-custom-properties=\"75\" value=\"TCSG117 Gemi Bat\u0131\u011f\u0131 Dal\u0131\u015f\u0131 + Sualt\u0131 M\u00fczesi Dal\u0131\u015f\u0131 75\u20ac (lisans gerekli)\"  >TCSG117 Shipwreck Dive + Underwater Museum Dive 75\u20ac (license required)<\/option><option data-calc_value=\"75\" data-custom-properties=\"75\" value=\"Kervan B\u00f6lgesi Dal\u0131\u015f\u0131 + Sualt\u0131 M\u00fczesi Dal\u0131\u015f\u0131 75\u20ac (lisans gerekli)\"  >Caravan Zone Dive + Underwater Museum Dive 75\u20ac (license required)<\/option><\/select><\/div><\/div><div class='ff-el-group'><div class=\"ff-el-input--label ff-el-is-required asterisk-right\"><label for='ff_3_datetime' aria-label=\"Reservation Date\">Reservation Date<\/label><\/div><div class='ff-el-input--content'><input  aria-label='Reservation Date Use arrow keys to navigate dates. Press enter to select a date.'  aria-haspopup='dialog' data-type-datepicker data-format='d.m.Y' type=\"text\" name=\"datetime\" id=\"ff_3_datetime\" class=\"ff-el-form-control ff-el-datepicker\" data-name=\"datetime\"  aria-invalid='false' aria-required=\"true\"><\/div><\/div><div data-name=\"ff_cn_id_2\"  class='ff-t-container ff-column-container ff_columns_total_3'><div class='ff-t-cell ff-t-column-1' style='flex-basis: 33.33%;'><div class='ff-el-group'><div class=\"ff-el-input--label asterisk-right\"><label for='ff_3_dropdown_4' aria-label=\"Dal\u0131\u015f Yapan Ki\u015fi Say\u0131s\u0131\">Dal\u0131\u015f Yapan Ki\u015fi Say\u0131s\u0131<\/label><\/div><div class='ff-el-input--content'><select name=\"dropdown_4\" id=\"ff_3_dropdown_4\" class=\"ff-el-form-control\" data-name=\"dropdown_4\" data-calc_value=\"0\"  aria-invalid=\"false\" aria-required=\"false\"><option value=\"\">- Select -<\/option><option value=\"0\"  >0<\/option><option value=\"1\"  >1<\/option><option value=\"2\"  >2<\/option><option value=\"3\"  >3<\/option><option value=\"4\"  >4<\/option><option value=\"5\"  >5<\/option><option value=\"6\"  >6<\/option><option value=\"7\"  >7<\/option><option value=\"8\"  >8<\/option><\/select><\/div><\/div><\/div><div class='ff-t-cell ff-t-column-2' style='flex-basis: 33.33%;'><div class='ff-el-group'><div class=\"ff-el-input--label asterisk-right\"><label for='ff_3_dropdown_5' aria-label=\"Dal\u0131\u015f Yapmayan Ki\u015fi Say\u0131s\u0131\">Dal\u0131\u015f Yapmayan Ki\u015fi Say\u0131s\u0131<\/label><\/div><div class='ff-el-input--content'><select name=\"dropdown_5\" id=\"ff_3_dropdown_5\" class=\"ff-el-form-control\" data-name=\"dropdown_5\" data-calc_value=\"0\"  aria-invalid=\"false\" aria-required=\"false\"><option value=\"\">- Select -<\/option><option value=\"0\"  >0<\/option><option value=\"1\"  >1<\/option><option value=\"2\"  >2<\/option><option value=\"3\"  >3<\/option><option value=\"4\"  >4<\/option><option value=\"5\"  >5<\/option><option value=\"6\"  >6<\/option><option value=\"7\"  >7<\/option><option value=\"8\"  >8<\/option><\/select><\/div><\/div><\/div><div class='ff-t-cell ff-t-column-3' style='flex-basis: 33.33%;'><div class='ff-el-group'><div class=\"ff-el-input--label asterisk-right\"><label for='ff_3_dropdown_6' aria-label=\"0-7 Ya\u015f\">0-7 Ya\u015f<\/label><\/div><div class='ff-el-input--content'><select name=\"dropdown_6\" id=\"ff_3_dropdown_6\" class=\"ff-el-form-control\" data-name=\"dropdown_6\" data-calc_value=\"0\"  aria-invalid=\"false\" aria-required=\"false\"><option value=\"\">- Select -<\/option><option value=\"0\"  >0<\/option><option value=\"1\"  >1<\/option><option value=\"2\"  >2<\/option><option value=\"3\"  >3<\/option><option value=\"4\"  >4<\/option><\/select><\/div><\/div><\/div><\/div><div class='ff-el-group  ff_list_2col'><div class=\"ff-el-input--label ff-el-is-required asterisk-right\"><label  aria-label=\"Transportation - Transfer\">Transportation - Transfer<\/label><\/div><div class='ff-el-input--content'><div class='ff-el-form-check ff-el-form-check-'><label class='ff-el-form-check-label' for=\"ulasim_turu_ec3c24f78d7d3453b42c3a509942fc88\"><input  type=\"radio\" name=\"ulasim_turu\" data-name=\"ulasim_turu\" class=\"ff-el-form-check-input ff-el-form-check-radio\" value=\"Transfer istemiyorum.\"  id='ulasim_turu_ec3c24f78d7d3453b42c3a509942fc88' aria-label='Transfer istemiyorum.' aria-invalid='false' aria-required=\"true\"> <span>Transfer istemiyorum.<\/span><\/label><\/div><div class='ff-el-form-check ff-el-form-check-'><label class='ff-el-form-check-label' for=\"ulasim_turu_2592b665273de1a9f8812905704cb454\"><input  type=\"radio\" name=\"ulasim_turu\" data-name=\"ulasim_turu\" class=\"ff-el-form-check-input ff-el-form-check-radio\" value=\"Transfer istiyorum.\"  id='ulasim_turu_2592b665273de1a9f8812905704cb454' aria-label='Transfer istiyorum.' aria-invalid='false' aria-required=\"true\"> <span>Transfer istiyorum.<\/span><\/label><\/div><\/div><\/div><div data-name=\"ff_cn_id_3\"  class='ff-t-container ff-column-container ff_columns_total_2'><div class='ff-t-cell ff-t-column-1' style='flex-basis: 50%;'><div class='ff-el-group has-conditions'><div class=\"ff-el-input--label asterisk-right\"><label for='ff_3_hotel_name' >Otel Ad\u0131<\/label><\/div><div class='ff-el-input--content'><input type=\"text\" name=\"hotel_name\" class=\"ff-el-form-control\" data-name=\"hotel_name\" id=\"ff_3_hotel_name\"  aria-invalid=\"false\" aria-required=\"false\"><\/div><\/div><\/div><div class='ff-t-cell ff-t-column-2' style='flex-basis: 50%;'><div class='ff-el-group has-conditions'><div class=\"ff-el-input--label asterisk-right\"><label for='ff_3_hotel_room' aria-label=\"Room Number\">Room Number<\/label><\/div><div class='ff-el-input--content'><input type=\"text\" name=\"hotel_room\" class=\"ff-el-form-control\" data-name=\"hotel_room\" id=\"ff_3_hotel_room\"  aria-invalid=\"false\" aria-required=\"false\"><\/div><\/div><\/div><\/div><div class='ff-el-group'><div class=\"ff-el-input--label asterisk-right\"><label for='ff_3_numeric_field' aria-label=\"Amount - Note: The tour fee will be collected during the program.\">Amount - Note: The tour fee will be collected during the program.<\/label><\/div><div class='ff-el-input--content'><div class=\"ff_input-group\"><div class=\"ff_input-group-prepend\"><span class=\"ff_input-group-text\">\u20ac<\/span><\/div><input type=\"text\" name=\"numeric_field\" value=\"0\" id=\"ff_3_numeric_field\" class=\"ff-el-form-control  ff_has_formula\" data-name=\"numeric_field\" data-calculation_formula=\"(({input.kisi_sayisi}-{input.nondiving})*{select.tour_name})+{input.nondiving}*20\" readonly=\"1\"  aria-invalid=\"false\" aria-required=\"false\"><\/div><\/div><\/div><div class='ff-el-group ff-text-left ff_submit_btn_wrapper'><button type=\"submit\" class=\"ff-btn ff-btn-submit ff-btn-md ff_btn_style wpf_has_custom_css\" >Send<\/button><\/div><\/fieldset><input type=\"hidden\" name=\"trp-form-language\" value=\"en\"\/><\/form><div id='fluentform_3_errors' class='ff-errors-in-stack ff_form_instance_3_1 ff-form-loading_errors ff_form_instance_3_1_errors'><\/div><\/div>        <script type=\"text\/javascript\">\n            window.fluent_form_ff_form_instance_3_1 = {\"id\":\"3\",\"settings\":{\"layout\":{\"labelPlacement\":\"top\",\"asteriskPlacement\":\"asterisk-right\",\"helpMessagePlacement\":\"with_label\",\"errorMessagePlacement\":\"inline\",\"cssClassName\":\"\"},\"restrictions\":{\"denyEmptySubmission\":{\"enabled\":false}}},\"form_instance\":\"ff_form_instance_3_1\",\"form_id_selector\":\"fluentform_3\",\"rules\":{\"isim[first_name]\":{\"required\":{\"value\":false,\"message\":\"This field is required\",\"global\":true,\"global_message\":\"This field is required\"}},\"isim[middle_name]\":{\"required\":{\"value\":false,\"message\":\"This field is required\",\"global\":true,\"global_message\":\"This field is required\"}},\"isim[last_name]\":{\"required\":{\"value\":false,\"message\":\"This field is required\",\"global\":true,\"global_message\":\"This field is required\"}},\"telefon_numara\":{\"required\":{\"value\":true,\"global\":true,\"message\":\"This field is required\",\"global_message\":\"This field is required\"},\"valid_phone_number\":{\"value\":false,\"global\":true,\"message\":\"Phone number is not valid\",\"global_message\":\"Phone number is not valid\"}},\"tour_name\":{\"required\":{\"value\":true,\"message\":\"This field is required\",\"global_message\":\"This field is required\",\"global\":true}},\"datetime\":{\"required\":{\"value\":true,\"message\":\"This field is required\",\"global_message\":\"This field is required\",\"global\":true}},\"dropdown_4\":{\"required\":{\"value\":false,\"message\":\"This field is required\",\"global_message\":\"This field is required\",\"global\":true}},\"dropdown_5\":{\"required\":{\"value\":false,\"message\":\"This field is required\",\"global_message\":\"This field is required\",\"global\":true}},\"dropdown_6\":{\"required\":{\"value\":false,\"message\":\"This field is required\",\"global_message\":\"This field is required\",\"global\":true}},\"ulasim_turu\":{\"required\":{\"value\":true,\"message\":\"This field is required\",\"global_message\":\"This field is required\",\"global\":true}},\"hotel_name\":{\"required\":{\"value\":false,\"message\":\"This field is required\",\"global_message\":\"This field is required\",\"global\":true}},\"hotel_room\":{\"required\":{\"value\":false,\"message\":\"This field is required\",\"global_message\":\"This field is required\",\"global\":true}},\"numeric_field\":{\"required\":{\"value\":false,\"message\":\"This field is required\",\"global_message\":\"This field is required\",\"global\":true},\"numeric\":{\"value\":true,\"message\":\"This field must contain numeric value\",\"global_message\":\"This field must contain numeric value\",\"global\":true},\"min\":{\"value\":\"\",\"message\":\"Validation fails for minimum value\",\"global_message\":\"Validation fails for minimum value\",\"global\":true},\"max\":{\"value\":\"\",\"message\":\"Validation fails for maximum value\",\"global_message\":\"Validation fails for maximum value\",\"global\":true},\"digits\":{\"value\":\"\",\"message\":\"Validation fails for limited digits\",\"global_message\":\"Validation fails for limited digits\",\"global\":true}}},\"debounce_time\":300,\"conditionals\":{\"hotel_name\":{\"type\":\"any\",\"status\":true,\"conditions\":[{\"field\":\"ulasim_turu\",\"value\":\"Otelden al\\u0131nmak istiyorum\",\"operator\":\"=\"}],\"condition_groups\":[{\"rules\":[{\"field\":\"\",\"value\":\"\",\"operator\":\"\"}],\"title\":\"\",\"isEditingTitle\":false,\"isPreviewOpen\":false,\"isGroupOpen\":true}]},\"hotel_room\":{\"type\":\"any\",\"status\":true,\"conditions\":[{\"field\":\"ulasim_turu\",\"value\":\"Otelden al\\u0131nmak istiyorum\",\"operator\":\"=\"}],\"condition_groups\":[{\"rules\":[{\"field\":\"\",\"value\":\"\",\"operator\":\"\"}],\"title\":\"\",\"isEditingTitle\":false,\"isPreviewOpen\":false,\"isGroupOpen\":true}]}}};\n                    <\/script>\n        \n\t<\/div>\n<\/div>\n\n\n\n\n\t\t\t<\/div> \n\t\t<\/div>\n\t<\/div> \n<\/div><\/div>","protected":false},"excerpt":{"rendered":"Gercek_Rezervasyon_FormuAd\u0131n\u0131z Soyad\u0131n\u0131zTelefon Numaran\u0131zL\u00fctfen Program Se\u00e7inizSe\u00e7Standart Program, Sualt\u0131 M\u00fczesi + Kumk\u00f6y Koyu 35\u20acTCSG117 Gemi Bat\u0131\u011f\u0131 Dal\u0131\u015f\u0131 + Sualt\u0131 M\u00fczesi Dal\u0131\u015f\u0131 75\u20ac (lisans gerekli)Kervan B\u00f6lgesi Dal\u0131\u015f\u0131 +...","protected":false},"author":1,"featured_media":0,"parent":0,"menu_order":0,"comment_status":"closed","ping_status":"closed","template":"","meta":{"footnotes":""},"class_list":["post-5917","page","type-page","status-publish"],"yoast_head":"<!-- This site is optimized with the Yoast SEO Premium plugin v23.0 (Yoast SEO v23.0) - https:\/\/yoast.com\/wordpress\/plugins\/seo\/ -->\n<title>Rezervasyon - Side Diving Center<\/title>\n<meta name=\"description\" content=\"Side Diving Center\u2019da dal\u0131\u015f rezervasyonunuzu yap\u0131n. Antalya Side\u2019de unutulmaz bir sualt\u0131 maceras\u0131 i\u00e7in \u015fimdi rezervasyon yap\u0131n.\" \/>\n<meta name=\"robots\" content=\"index, follow, max-snippet:-1, max-image-preview:large, max-video-preview:-1\" \/>\n<link rel=\"canonical\" href=\"https:\/\/sidedivingcenter.com\/en\/rezervasyon\/\" \/>\n<meta property=\"og:locale\" content=\"en_US\" \/>\n<meta property=\"og:type\" content=\"article\" \/>\n<meta property=\"og:title\" content=\"Rezervasyon\" \/>\n<meta property=\"og:description\" content=\"Side Diving Center\u2019da dal\u0131\u015f rezervasyonunuzu yap\u0131n. Antalya Side\u2019de unutulmaz bir sualt\u0131 maceras\u0131 i\u00e7in \u015fimdi rezervasyon yap\u0131n.\" \/>\n<meta property=\"og:url\" content=\"https:\/\/sidedivingcenter.com\/en\/rezervasyon\/\" \/>\n<meta property=\"og:site_name\" content=\"Side Diving Center\" \/>\n<meta property=\"article:modified_time\" content=\"2026-04-29T17:21:55+00:00\" \/>\n<meta property=\"og:image\" content=\"https:\/\/sidedivingcenter.com\/wp-content\/uploads\/2024\/07\/lo2ggo.png\" \/>\n\t<meta property=\"og:image:width\" content=\"3365\" \/>\n\t<meta property=\"og:image:height\" content=\"2178\" \/>\n\t<meta property=\"og:image:type\" content=\"image\/png\" \/>\n<meta name=\"twitter:card\" content=\"summary_large_image\" \/>\n<meta name=\"twitter:label1\" content=\"Est. reading time\" \/>\n\t<meta name=\"twitter:data1\" content=\"1 minute\" \/>\n<script type=\"application\/ld+json\" class=\"yoast-schema-graph\">{\"@context\":\"https:\/\/schema.org\",\"@graph\":[{\"@type\":\"WebPage\",\"@id\":\"https:\/\/sidedivingcenter.com\/rezervasyon\/\",\"url\":\"https:\/\/sidedivingcenter.com\/rezervasyon\/\",\"name\":\"Rezervasyon - Side Diving Center\",\"isPartOf\":{\"@id\":\"https:\/\/sidedivingcenter.com\/#website\"},\"datePublished\":\"2024-07-24T17:28:50+00:00\",\"dateModified\":\"2026-04-29T17:21:55+00:00\",\"description\":\"Side Diving Center\u2019da dal\u0131\u015f rezervasyonunuzu yap\u0131n. Antalya Side\u2019de unutulmaz bir sualt\u0131 maceras\u0131 i\u00e7in \u015fimdi rezervasyon yap\u0131n.\",\"breadcrumb\":{\"@id\":\"https:\/\/sidedivingcenter.com\/rezervasyon\/#breadcrumb\"},\"inLanguage\":\"en-US\",\"potentialAction\":[{\"@type\":\"ReadAction\",\"target\":[\"https:\/\/sidedivingcenter.com\/rezervasyon\/\"]}]},{\"@type\":\"BreadcrumbList\",\"@id\":\"https:\/\/sidedivingcenter.com\/rezervasyon\/#breadcrumb\",\"itemListElement\":[{\"@type\":\"ListItem\",\"position\":1,\"name\":\"Home\",\"item\":\"https:\/\/sidedivingcenter.com\/\"},{\"@type\":\"ListItem\",\"position\":2,\"name\":\"Rezervasyon\"}]},{\"@type\":\"WebSite\",\"@id\":\"https:\/\/sidedivingcenter.com\/#website\",\"url\":\"https:\/\/sidedivingcenter.com\/\",\"name\":\"Side Diving Center\",\"description\":\"Europe&#039;s Largest Underwater Museum\",\"publisher\":{\"@id\":\"https:\/\/sidedivingcenter.com\/#organization\"},\"potentialAction\":[{\"@type\":\"SearchAction\",\"target\":{\"@type\":\"EntryPoint\",\"urlTemplate\":\"https:\/\/sidedivingcenter.com\/?s={search_term_string}\"},\"query-input\":\"required name=search_term_string\"}],\"inLanguage\":\"en-US\"},{\"@type\":\"Organization\",\"@id\":\"https:\/\/sidedivingcenter.com\/#organization\",\"name\":\"Side Diving Center\",\"url\":\"https:\/\/sidedivingcenter.com\/\",\"logo\":{\"@type\":\"ImageObject\",\"inLanguage\":\"en-US\",\"@id\":\"https:\/\/sidedivingcenter.com\/#\/schema\/logo\/image\/\",\"url\":\"https:\/\/sidedivingcenter.com\/wp-content\/uploads\/2024\/07\/logo.png\",\"contentUrl\":\"https:\/\/sidedivingcenter.com\/wp-content\/uploads\/2024\/07\/logo.png\",\"width\":3376,\"height\":3376,\"caption\":\"Side Diving Center\"},\"image\":{\"@id\":\"https:\/\/sidedivingcenter.com\/#\/schema\/logo\/image\/\"},\"sameAs\":[\"https:\/\/www.instagram.com\/sidedivingcenter\/\"],\"description\":\"Side Diving Center, Antalya\u2019n\u0131n g\u00fczel Side \u015fehrinde yer almakta ve \u00e7e\u015fitli dal\u0131\u015f etkinlikleri d\u00fczenlemektedir. Misafirlerimize unutulmaz dal\u0131\u015f deneyimleri sunarak, onlar\u0131n g\u00fcvenli ve keyifli bir zaman ge\u00e7irmelerini sa\u011fl\u0131yoruz. Deneyimli ekibimizle, her seviyeden dal\u0131\u015f merakl\u0131s\u0131na hitap ediyoruz. M\u00fc\u015fteri memnuniyeti bizim i\u00e7in her \u015feyden \u00f6nemlidir; bu nedenle hizmetlerimizi s\u00fcrekli olarak geli\u015ftiriyor ve en y\u00fcksek standartlarda sunuyoruz. Dal\u0131\u015fa olan tutkumuzla, size en iyi sualt\u0131 maceralar\u0131n\u0131 ya\u015fatmay\u0131 hedefliyoruz.\",\"email\":\"info@sidedivingcenter.com\",\"telephone\":\"+905524120789\",\"legalName\":\"Side Diving Center\"}]}<\/script>\n<!-- \/ Yoast SEO Premium plugin. -->","yoast_head_json":{"title":"Rezervasyon - Side Diving Center","description":"Side Diving Center\u2019da dal\u0131\u015f rezervasyonunuzu yap\u0131n. Antalya Side\u2019de unutulmaz bir sualt\u0131 maceras\u0131 i\u00e7in \u015fimdi rezervasyon yap\u0131n.","robots":{"index":"index","follow":"follow","max-snippet":"max-snippet:-1","max-image-preview":"max-image-preview:large","max-video-preview":"max-video-preview:-1"},"canonical":"https:\/\/sidedivingcenter.com\/en\/rezervasyon\/","og_locale":"en_US","og_type":"article","og_title":"Rezervasyon","og_description":"Side Diving Center\u2019da dal\u0131\u015f rezervasyonunuzu yap\u0131n. Antalya Side\u2019de unutulmaz bir sualt\u0131 maceras\u0131 i\u00e7in \u015fimdi rezervasyon yap\u0131n.","og_url":"https:\/\/sidedivingcenter.com\/en\/rezervasyon\/","og_site_name":"Side Diving Center","article_modified_time":"2026-04-29T17:21:55+00:00","og_image":[{"width":3365,"height":2178,"url":"https:\/\/sidedivingcenter.com\/wp-content\/uploads\/2024\/07\/lo2ggo.png","type":"image\/png"}],"twitter_card":"summary_large_image","twitter_misc":{"Est. reading time":"1 minute"},"schema":{"@context":"https:\/\/schema.org","@graph":[{"@type":"WebPage","@id":"https:\/\/sidedivingcenter.com\/rezervasyon\/","url":"https:\/\/sidedivingcenter.com\/rezervasyon\/","name":"Rezervasyon - Side Diving Center","isPartOf":{"@id":"https:\/\/sidedivingcenter.com\/#website"},"datePublished":"2024-07-24T17:28:50+00:00","dateModified":"2026-04-29T17:21:55+00:00","description":"Side Diving Center\u2019da dal\u0131\u015f rezervasyonunuzu yap\u0131n. Antalya Side\u2019de unutulmaz bir sualt\u0131 maceras\u0131 i\u00e7in \u015fimdi rezervasyon yap\u0131n.","breadcrumb":{"@id":"https:\/\/sidedivingcenter.com\/rezervasyon\/#breadcrumb"},"inLanguage":"en-US","potentialAction":[{"@type":"ReadAction","target":["https:\/\/sidedivingcenter.com\/rezervasyon\/"]}]},{"@type":"BreadcrumbList","@id":"https:\/\/sidedivingcenter.com\/rezervasyon\/#breadcrumb","itemListElement":[{"@type":"ListItem","position":1,"name":"Home","item":"https:\/\/sidedivingcenter.com\/"},{"@type":"ListItem","position":2,"name":"Rezervasyon"}]},{"@type":"WebSite","@id":"https:\/\/sidedivingcenter.com\/#website","url":"https:\/\/sidedivingcenter.com\/","name":"Side Diving Center","description":"Europe&#039;s Largest Underwater Museum","publisher":{"@id":"https:\/\/sidedivingcenter.com\/#organization"},"potentialAction":[{"@type":"SearchAction","target":{"@type":"EntryPoint","urlTemplate":"https:\/\/sidedivingcenter.com\/?s={search_term_string}"},"query-input":"required name=search_term_string"}],"inLanguage":"en-US"},{"@type":"Organization","@id":"https:\/\/sidedivingcenter.com\/#organization","name":"Side Diving Center","url":"https:\/\/sidedivingcenter.com\/","logo":{"@type":"ImageObject","inLanguage":"en-US","@id":"https:\/\/sidedivingcenter.com\/#\/schema\/logo\/image\/","url":"https:\/\/sidedivingcenter.com\/wp-content\/uploads\/2024\/07\/logo.png","contentUrl":"https:\/\/sidedivingcenter.com\/wp-content\/uploads\/2024\/07\/logo.png","width":3376,"height":3376,"caption":"Side Diving Center"},"image":{"@id":"https:\/\/sidedivingcenter.com\/#\/schema\/logo\/image\/"},"sameAs":["https:\/\/www.instagram.com\/sidedivingcenter\/"],"description":"Side Diving Center, Antalya\u2019n\u0131n g\u00fczel Side \u015fehrinde yer almakta ve \u00e7e\u015fitli dal\u0131\u015f etkinlikleri d\u00fczenlemektedir. Misafirlerimize unutulmaz dal\u0131\u015f deneyimleri sunarak, onlar\u0131n g\u00fcvenli ve keyifli bir zaman ge\u00e7irmelerini sa\u011fl\u0131yoruz. Deneyimli ekibimizle, her seviyeden dal\u0131\u015f merakl\u0131s\u0131na hitap ediyoruz. M\u00fc\u015fteri memnuniyeti bizim i\u00e7in her \u015feyden \u00f6nemlidir; bu nedenle hizmetlerimizi s\u00fcrekli olarak geli\u015ftiriyor ve en y\u00fcksek standartlarda sunuyoruz. Dal\u0131\u015fa olan tutkumuzla, size en iyi sualt\u0131 maceralar\u0131n\u0131 ya\u015fatmay\u0131 hedefliyoruz.","email":"info@sidedivingcenter.com","telephone":"+905524120789","legalName":"Side Diving Center"}]}},"_links":{"self":[{"href":"https:\/\/sidedivingcenter.com\/en\/wp-json\/wp\/v2\/pages\/5917","targetHints":{"allow":["GET"]}}],"collection":[{"href":"https:\/\/sidedivingcenter.com\/en\/wp-json\/wp\/v2\/pages"}],"about":[{"href":"https:\/\/sidedivingcenter.com\/en\/wp-json\/wp\/v2\/types\/page"}],"author":[{"embeddable":true,"href":"https:\/\/sidedivingcenter.com\/en\/wp-json\/wp\/v2\/users\/1"}],"replies":[{"embeddable":true,"href":"https:\/\/sidedivingcenter.com\/en\/wp-json\/wp\/v2\/comments?post=5917"}],"version-history":[{"count":3,"href":"https:\/\/sidedivingcenter.com\/en\/wp-json\/wp\/v2\/pages\/5917\/revisions"}],"predecessor-version":[{"id":6308,"href":"https:\/\/sidedivingcenter.com\/en\/wp-json\/wp\/v2\/pages\/5917\/revisions\/6308"}],"wp:attachment":[{"href":"https:\/\/sidedivingcenter.com\/en\/wp-json\/wp\/v2\/media?parent=5917"}],"curies":[{"name":"wp","href":"https:\/\/api.w.org\/{rel}","templated":true}]}}