{"id":6212,"date":"2024-08-03T21:44:05","date_gmt":"2024-08-03T18:44:05","guid":{"rendered":"https:\/\/sidedivingcenter.com\/?page_id=6212"},"modified":"2024-08-12T10:49:17","modified_gmt":"2024-08-12T07:49:17","slug":"blog","status":"publish","type":"page","link":"https:\/\/sidedivingcenter.com\/en\/blog\/","title":{"rendered":"Blog"},"content":{"rendered":"<div id=\"fws_6a073e0188406\"  data-column-margin=\"default\" data-midnight=\"dark\" data-top-percent=\"7%\" data-bottom-percent=\"7%\"  class=\"wpb_row vc_row-fluid vc_row full-width-section\"  style=\"padding-top: calc(100vw * 0.07); padding-bottom: calc(100vw * 0.07); \"><div class=\"row-bg-wrap\" data-bg-animation=\"none\" data-bg-animation-delay=\"\" data-bg-overlay=\"false\"><div class=\"inner-wrap row-bg-layer\" ><div class=\"row-bg viewport-desktop using-bg-color\"  style=\"background-color: #eaeaea; \"><\/div><\/div><\/div><div class=\"row_col_wrap_12 col span_12 dark left\">\n\t<div  class=\"vc_col-sm-12 wpb_column column_container vc_column_container col no-extra-padding inherit_tablet inherit_phone\"  data-padding-pos=\"all\" data-has-bg-color=\"false\" data-bg-color=\"\" data-bg-opacity=\"1\" data-animation=\"\" data-delay=\"0\" >\n\t\t<div class=\"vc_column-inner\" >\n\t\t\t<div class=\"wpb_wrapper\">\n\t\t\t\t\n    <div class=\"row blog-recent columns-3\" data-style=\"classic_enhanced_alt\" data-color-scheme=\"light\" data-remove-post-date=\"1\" data-remove-post-author=\"1\" data-remove-post-comment-number=\"1\" data-remove-post-nectar-love=\"1\">\n\n      \n      <div class=\"col span_4 post-6244 post type-post status-publish format-standard has-post-thumbnail\" >\n\n        \n            <div class=\"inner-wrap post-6244 post type-post status-publish format-standard has-post-thumbnail\">\n\n            <a href=\"https:\/\/sidedivingcenter.com\/en\/sahil-kenarinda-macera-herkes-icin-bir-dalis-merkezi\/\" class=\"img-link\" ><span class=\"post-featured-img\"><img loading=\"lazy\" decoding=\"async\" width=\"500\" height=\"576\" src=\"https:\/\/sidedivingcenter.com\/wp-content\/uploads\/2024\/08\/side-diving-center-180-500x576.jpeg\" class=\"attachment-tall size-tall wp-post-image\" alt=\"side diving center\" title=\"\" sizes=\"auto, (min-width: 1300px) 33vw, (min-width: 1000px) 33vw, (min-width: 690px) 100vw, 100vw\" \/><\/span><\/a><span class=\"meta-category\"><\/span><a class=\"entire-meta-link\" href=\"https:\/\/sidedivingcenter.com\/en\/sahil-kenarinda-macera-herkes-icin-bir-dalis-merkezi\/\" ><span class=\"screen-reader-text\">Adventure by the Beach: A Dive Center for Everyone<\/span><\/a>\n            <div class=\"article-content-wrap\">\n              <div class=\"post-header\">\n                <span class=\"meta\"> August 10, 2024 <\/span>\n                <h3 class=\"title\">Adventure by the Beach: A Dive Center for Everyone<\/h3>\n              <\/div><!--\/post-header-->\n              <div class=\"excerpt\">\n                Are you ready to embark on a beachside adventure under the warm sunshine and the salty smell of the sea? For those looking for a diving center suitable for everyone...              <\/div>\n            <\/div>\n\n            <div class=\"post-meta\">\n              <span class=\"meta-author\"> <a href=\"https:\/\/sidedivingcenter.com\/en\/author\/centercingingorj2432\/\"> <i class=\"icon-default-style icon-salient-m-user\"><\/i> Side Diving Center<\/a> <\/span>\n\n              \n              <div class=\"nectar-love-wrap\">\n                <a href=\"#\" class=\"nectar-love\" id=\"nectar-love-6244\" title=\"Love this\"> <i class=\"icon-salient-heart-2\"><\/i><span class=\"love-text\">Love<\/span><span class=\"total_loves\"><span class=\"nectar-love-count\">0<\/span><\/span><\/a>              <\/div><!--\/nectar-love-wrap-->\n            <\/div>\n\n          <\/div>\n\n        \n      <\/div><!--\/col-->\n\n      \n      <div class=\"col span_4 post-6231 post type-post status-publish format-standard has-post-thumbnail category-uncategorized-tr\" >\n\n        \n            <div class=\"inner-wrap post-6231 post type-post status-publish format-standard has-post-thumbnail category-uncategorized-tr\">\n\n            <a href=\"https:\/\/sidedivingcenter.com\/en\/antalya-su-alti-muzesi-derinliklerdeki-tarih-ve-sanatin-buyusu\/\" class=\"img-link\" ><span class=\"post-featured-img\"><img loading=\"lazy\" decoding=\"async\" width=\"500\" height=\"576\" src=\"https:\/\/sidedivingcenter.com\/wp-content\/uploads\/2024\/08\/antalya-Su-alti-muzesi-941-500x576.jpeg\" class=\"attachment-tall size-tall wp-post-image\" alt=\"antalya Su alt\u0131 m\u00fczesi\" title=\"\" sizes=\"auto, (min-width: 1300px) 33vw, (min-width: 1000px) 33vw, (min-width: 690px) 100vw, 100vw\" \/><\/span><\/a><span class=\"meta-category\"><a class=\"uncategorized-tr\" href=\"https:\/\/sidedivingcenter.com\/en\/category\/uncategorized-tr\/\">Uncategorized @tr<\/a><\/span><a class=\"entire-meta-link\" href=\"https:\/\/sidedivingcenter.com\/en\/antalya-su-alti-muzesi-derinliklerdeki-tarih-ve-sanatin-buyusu\/\" ><span class=\"screen-reader-text\">Antalya Underwater Museum: The Magic of History and Art in the Depths<\/span><\/a>\n            <div class=\"article-content-wrap\">\n              <div class=\"post-header\">\n                <span class=\"meta\"> August 3, 2024 <\/span>\n                <h3 class=\"title\">Antalya Underwater Museum: The Magic of History and Art in the Depths<\/h3>\n              <\/div><!--\/post-header-->\n              <div class=\"excerpt\">\n                Antalya is not only noted for its beautiful beaches and historical buildings, but also for its unique places such as the Antalya Underwater Museum, which offers an unforgettable experience. This...              <\/div>\n            <\/div>\n\n            <div class=\"post-meta\">\n              <span class=\"meta-author\"> <a href=\"https:\/\/sidedivingcenter.com\/en\/author\/centercingingorj2432\/\"> <i class=\"icon-default-style icon-salient-m-user\"><\/i> Side Diving Center<\/a> <\/span>\n\n                              <span class=\"meta-comment-count\">  <a href=\"https:\/\/sidedivingcenter.com\/en\/antalya-su-alti-muzesi-derinliklerdeki-tarih-ve-sanatin-buyusu\/#respond\">\n                  <i class=\"icon-default-style steadysets-icon-chat-3\"><\/i> 0<\/a>\n                <\/span>\n              \n              <div class=\"nectar-love-wrap\">\n                <a href=\"#\" class=\"nectar-love\" id=\"nectar-love-6231\" title=\"Love this\"> <i class=\"icon-salient-heart-2\"><\/i><span class=\"love-text\">Love<\/span><span class=\"total_loves\"><span class=\"nectar-love-count\">0<\/span><\/span><\/a>              <\/div><!--\/nectar-love-wrap-->\n            <\/div>\n\n          <\/div>\n\n        \n      <\/div><!--\/col-->\n\n      \n      <div class=\"col span_4 post-6219 post type-post status-publish format-standard has-post-thumbnail category-uncategorized-tr\" >\n\n        \n            <div class=\"inner-wrap post-6219 post type-post status-publish format-standard has-post-thumbnail category-uncategorized-tr\">\n\n            <a href=\"https:\/\/sidedivingcenter.com\/en\/yan-dalis-su-altinda-kesfedilmeyi-bekleyen-sirlarin-pesinde\/\" class=\"img-link\" ><span class=\"post-featured-img\"><img loading=\"lazy\" decoding=\"async\" width=\"500\" height=\"576\" src=\"https:\/\/sidedivingcenter.com\/wp-content\/uploads\/2024\/08\/Side-diving-197-500x576.jpeg\" class=\"attachment-tall size-tall wp-post-image\" alt=\"Side diving\" title=\"\" sizes=\"auto, (min-width: 1300px) 33vw, (min-width: 1000px) 33vw, (min-width: 690px) 100vw, 100vw\" \/><\/span><\/a><span class=\"meta-category\"><a class=\"uncategorized-tr\" href=\"https:\/\/sidedivingcenter.com\/en\/category\/uncategorized-tr\/\">Uncategorized @tr<\/a><\/span><a class=\"entire-meta-link\" href=\"https:\/\/sidedivingcenter.com\/en\/yan-dalis-su-altinda-kesfedilmeyi-bekleyen-sirlarin-pesinde\/\" ><span class=\"screen-reader-text\">Side Diving Pursuing Secrets Waiting to Be Discovered Underwater<\/span><\/a>\n            <div class=\"article-content-wrap\">\n              <div class=\"post-header\">\n                <span class=\"meta\"> August 3, 2024 <\/span>\n                <h3 class=\"title\">Side Diving Pursuing Secrets Waiting to Be Discovered Underwater<\/h3>\n              <\/div><!--\/post-header-->\n              <div class=\"excerpt\">\n                The underwater world is full of countless colorful creatures and mysterious structures. However, along with these beauties, there are also many secrets waiting to be discovered. At this point, side...              <\/div>\n            <\/div>\n\n            <div class=\"post-meta\">\n              <span class=\"meta-author\"> <a href=\"https:\/\/sidedivingcenter.com\/en\/author\/centercingingorj2432\/\"> <i class=\"icon-default-style icon-salient-m-user\"><\/i> Side Diving Center<\/a> <\/span>\n\n                              <span class=\"meta-comment-count\">  <a href=\"https:\/\/sidedivingcenter.com\/en\/yan-dalis-su-altinda-kesfedilmeyi-bekleyen-sirlarin-pesinde\/#respond\">\n                  <i class=\"icon-default-style steadysets-icon-chat-3\"><\/i> 0<\/a>\n                <\/span>\n              \n              <div class=\"nectar-love-wrap\">\n                <a href=\"#\" class=\"nectar-love\" id=\"nectar-love-6219\" title=\"Love this\"> <i class=\"icon-salient-heart-2\"><\/i><span class=\"love-text\">Love<\/span><span class=\"total_loves\"><span class=\"nectar-love-count\">0<\/span><\/span><\/a>              <\/div><!--\/nectar-love-wrap-->\n            <\/div>\n\n          <\/div>\n\n        \n      <\/div><!--\/col-->\n\n      \n    <\/div><!--\/blog-recent-->\n\n  <div id=\"fws_6a073e018d798\" data-midnight=\"\" data-column-margin=\"default\" class=\"wpb_row vc_row-fluid vc_row inner_row\"  style=\"\"><div class=\"row-bg-wrap\"> <div class=\"row-bg\" ><\/div> <\/div><div class=\"row_col_wrap_12_inner col span_12  left\">\n\t<div  class=\"vc_col-sm-12 wpb_column column_container vc_column_container col child_column centered-text no-extra-padding inherit_tablet inherit_phone\"   data-padding-pos=\"all\" data-has-bg-color=\"false\" data-bg-color=\"\" data-bg-opacity=\"1\" data-animation=\"\" data-delay=\"0\" >\n\t\t<div class=\"vc_column-inner\" >\n\t\t<div class=\"wpb_wrapper\">\n\t\t\t<a class=\"nectar-button large regular accent-color has-icon  regular-button\"  role=\"button\" style=\"\"  href=\"#\" data-color-override=\"false\" data-hover-color-override=\"false\" data-hover-text-color-override=\"#fff\"><span>View All Posts<\/span><i><span class=\"im-icon-wrap\"><span><svg role=\"presentation\" version=\"1.1\" xmlns=\"http:\/\/www.w3.org\/2000\/svg\" width=\"32\" height=\"32\" viewbox=\"0 0 32 32\">\n        <path d=\"M18.333 31.333c-0.076 0-0.151-0.012-0.224-0.039-0.265-0.095-0.443-0.347-0.443-0.628v-29.333c0-0.281 0.177-0.533 0.443-0.627 0.26-0.096 0.561-0.013 0.74 0.205l12 14.667c0.201 0.247 0.201 0.599 0 0.844l-12 14.667c-0.129 0.159-0.321 0.244-0.516 0.244zM19 3.201v25.599l10.472-12.8-10.472-12.799zM17.667 17.333h-16c-0.368 0-0.667-0.3-0.667-0.667 0-0.368 0.299-0.667 0.667-0.667h16c0.367 0 0.667 0.299 0.667 0.667 0 0.367-0.3 0.667-0.667 0.667z\"><\/path>\n        <\/svg><\/span><\/span><\/i><\/a>\n\t\t<\/div> \n\t<\/div>\n\t<\/div> \n<\/div><\/div>\n\t\t\t<\/div> \n\t\t<\/div>\n\t<\/div> \n<\/div><\/div>","protected":false},"excerpt":{"rendered":"The underwater world is full of countless colorful creatures and mysterious structures. However, along with these beauties, there are also many secrets waiting to be discovered. At this point, side...","protected":false},"author":1,"featured_media":0,"parent":0,"menu_order":0,"comment_status":"closed","ping_status":"closed","template":"","meta":{"footnotes":""},"class_list":["post-6212","page","type-page","status-publish"],"yoast_head":"<!-- This site is optimized with the Yoast SEO Premium plugin v23.0 (Yoast SEO v23.0) - https:\/\/yoast.com\/wordpress\/plugins\/seo\/ -->\n<title>Blog - Side Diving Center<\/title>\n<meta name=\"description\" content=\"Antalya\u2019n\u0131n Side \u015fehrinde yer alan Side Diving Center blog sayfas\u0131nda, dal\u0131\u015f hakk\u0131nda en g\u00fcncel ve ilgi \u00e7ekici i\u00e7erikleri bulabilirsiniz. Dal\u0131\u015f rehberleri, sualt\u0131 maceralar\u0131 ve daha fazlas\u0131 i\u00e7in blogumuzu ziyaret edin.\" \/>\n<meta name=\"robots\" content=\"index, follow, max-snippet:-1, max-image-preview:large, max-video-preview:-1\" \/>\n<link rel=\"canonical\" href=\"https:\/\/sidedivingcenter.com\/en\/blog\/\" \/>\n<meta property=\"og:locale\" content=\"en_US\" \/>\n<meta property=\"og:type\" content=\"article\" \/>\n<meta property=\"og:title\" content=\"Blog\" \/>\n<meta property=\"og:description\" content=\"Antalya\u2019n\u0131n Side \u015fehrinde yer alan Side Diving Center blog sayfas\u0131nda, dal\u0131\u015f hakk\u0131nda en g\u00fcncel ve ilgi \u00e7ekici i\u00e7erikleri bulabilirsiniz. Dal\u0131\u015f rehberleri, sualt\u0131 maceralar\u0131 ve daha fazlas\u0131 i\u00e7in blogumuzu ziyaret edin.\" \/>\n<meta property=\"og:url\" content=\"https:\/\/sidedivingcenter.com\/en\/blog\/\" \/>\n<meta property=\"og:site_name\" content=\"Side Diving Center\" \/>\n<meta property=\"article:modified_time\" content=\"2024-08-12T07:49:17+00:00\" \/>\n<meta property=\"og:image\" content=\"https:\/\/sidedivingcenter.com\/wp-content\/uploads\/2024\/07\/lo2ggo.png\" \/>\n\t<meta property=\"og:image:width\" content=\"3365\" \/>\n\t<meta property=\"og:image:height\" content=\"2178\" \/>\n\t<meta property=\"og:image:type\" content=\"image\/png\" \/>\n<meta name=\"twitter:card\" content=\"summary_large_image\" \/>\n<meta name=\"twitter:label1\" content=\"Est. reading time\" \/>\n\t<meta name=\"twitter:data1\" content=\"1 minute\" \/>\n<script type=\"application\/ld+json\" class=\"yoast-schema-graph\">{\"@context\":\"https:\/\/schema.org\",\"@graph\":[{\"@type\":\"WebPage\",\"@id\":\"https:\/\/sidedivingcenter.com\/blog\/\",\"url\":\"https:\/\/sidedivingcenter.com\/blog\/\",\"name\":\"Blog - Side Diving Center\",\"isPartOf\":{\"@id\":\"https:\/\/sidedivingcenter.com\/#website\"},\"datePublished\":\"2024-08-03T18:44:05+00:00\",\"dateModified\":\"2024-08-12T07:49:17+00:00\",\"description\":\"Antalya\u2019n\u0131n Side \u015fehrinde yer alan Side Diving Center blog sayfas\u0131nda, dal\u0131\u015f hakk\u0131nda en g\u00fcncel ve ilgi \u00e7ekici i\u00e7erikleri bulabilirsiniz. Dal\u0131\u015f rehberleri, sualt\u0131 maceralar\u0131 ve daha fazlas\u0131 i\u00e7in blogumuzu ziyaret edin.\",\"breadcrumb\":{\"@id\":\"https:\/\/sidedivingcenter.com\/blog\/#breadcrumb\"},\"inLanguage\":\"en-US\",\"potentialAction\":[{\"@type\":\"ReadAction\",\"target\":[\"https:\/\/sidedivingcenter.com\/blog\/\"]}]},{\"@type\":\"BreadcrumbList\",\"@id\":\"https:\/\/sidedivingcenter.com\/blog\/#breadcrumb\",\"itemListElement\":[{\"@type\":\"ListItem\",\"position\":1,\"name\":\"Home\",\"item\":\"https:\/\/sidedivingcenter.com\/\"},{\"@type\":\"ListItem\",\"position\":2,\"name\":\"Blog\"}]},{\"@type\":\"WebSite\",\"@id\":\"https:\/\/sidedivingcenter.com\/#website\",\"url\":\"https:\/\/sidedivingcenter.com\/\",\"name\":\"Side Diving Center\",\"description\":\"Europe&#039;s Largest Underwater Museum\",\"publisher\":{\"@id\":\"https:\/\/sidedivingcenter.com\/#organization\"},\"potentialAction\":[{\"@type\":\"SearchAction\",\"target\":{\"@type\":\"EntryPoint\",\"urlTemplate\":\"https:\/\/sidedivingcenter.com\/?s={search_term_string}\"},\"query-input\":\"required name=search_term_string\"}],\"inLanguage\":\"en-US\"},{\"@type\":\"Organization\",\"@id\":\"https:\/\/sidedivingcenter.com\/#organization\",\"name\":\"Side Diving Center\",\"url\":\"https:\/\/sidedivingcenter.com\/\",\"logo\":{\"@type\":\"ImageObject\",\"inLanguage\":\"en-US\",\"@id\":\"https:\/\/sidedivingcenter.com\/#\/schema\/logo\/image\/\",\"url\":\"https:\/\/sidedivingcenter.com\/wp-content\/uploads\/2024\/07\/logo.png\",\"contentUrl\":\"https:\/\/sidedivingcenter.com\/wp-content\/uploads\/2024\/07\/logo.png\",\"width\":3376,\"height\":3376,\"caption\":\"Side Diving Center\"},\"image\":{\"@id\":\"https:\/\/sidedivingcenter.com\/#\/schema\/logo\/image\/\"},\"sameAs\":[\"https:\/\/www.instagram.com\/sidedivingcenter\/\"],\"description\":\"Side Diving Center, Antalya\u2019n\u0131n g\u00fczel Side \u015fehrinde yer almakta ve \u00e7e\u015fitli dal\u0131\u015f etkinlikleri d\u00fczenlemektedir. Misafirlerimize unutulmaz dal\u0131\u015f deneyimleri sunarak, onlar\u0131n g\u00fcvenli ve keyifli bir zaman ge\u00e7irmelerini sa\u011fl\u0131yoruz. Deneyimli ekibimizle, her seviyeden dal\u0131\u015f merakl\u0131s\u0131na hitap ediyoruz. M\u00fc\u015fteri memnuniyeti bizim i\u00e7in her \u015feyden \u00f6nemlidir; bu nedenle hizmetlerimizi s\u00fcrekli olarak geli\u015ftiriyor ve en y\u00fcksek standartlarda sunuyoruz. Dal\u0131\u015fa olan tutkumuzla, size en iyi sualt\u0131 maceralar\u0131n\u0131 ya\u015fatmay\u0131 hedefliyoruz.\",\"email\":\"info@sidedivingcenter.com\",\"telephone\":\"+905524120789\",\"legalName\":\"Side Diving Center\"}]}<\/script>\n<!-- \/ Yoast SEO Premium plugin. -->","yoast_head_json":{"title":"Blog - Side Diving Center","description":"Antalya\u2019n\u0131n Side \u015fehrinde yer alan Side Diving Center blog sayfas\u0131nda, dal\u0131\u015f hakk\u0131nda en g\u00fcncel ve ilgi \u00e7ekici i\u00e7erikleri bulabilirsiniz. Dal\u0131\u015f rehberleri, sualt\u0131 maceralar\u0131 ve daha fazlas\u0131 i\u00e7in blogumuzu ziyaret edin.","robots":{"index":"index","follow":"follow","max-snippet":"max-snippet:-1","max-image-preview":"max-image-preview:large","max-video-preview":"max-video-preview:-1"},"canonical":"https:\/\/sidedivingcenter.com\/en\/blog\/","og_locale":"en_US","og_type":"article","og_title":"Blog","og_description":"Antalya\u2019n\u0131n Side \u015fehrinde yer alan Side Diving Center blog sayfas\u0131nda, dal\u0131\u015f hakk\u0131nda en g\u00fcncel ve ilgi \u00e7ekici i\u00e7erikleri bulabilirsiniz. Dal\u0131\u015f rehberleri, sualt\u0131 maceralar\u0131 ve daha fazlas\u0131 i\u00e7in blogumuzu ziyaret edin.","og_url":"https:\/\/sidedivingcenter.com\/en\/blog\/","og_site_name":"Side Diving Center","article_modified_time":"2024-08-12T07:49:17+00:00","og_image":[{"width":3365,"height":2178,"url":"https:\/\/sidedivingcenter.com\/wp-content\/uploads\/2024\/07\/lo2ggo.png","type":"image\/png"}],"twitter_card":"summary_large_image","twitter_misc":{"Est. reading time":"1 minute"},"schema":{"@context":"https:\/\/schema.org","@graph":[{"@type":"WebPage","@id":"https:\/\/sidedivingcenter.com\/blog\/","url":"https:\/\/sidedivingcenter.com\/blog\/","name":"Blog - Side Diving Center","isPartOf":{"@id":"https:\/\/sidedivingcenter.com\/#website"},"datePublished":"2024-08-03T18:44:05+00:00","dateModified":"2024-08-12T07:49:17+00:00","description":"Antalya\u2019n\u0131n Side \u015fehrinde yer alan Side Diving Center blog sayfas\u0131nda, dal\u0131\u015f hakk\u0131nda en g\u00fcncel ve ilgi \u00e7ekici i\u00e7erikleri bulabilirsiniz. Dal\u0131\u015f rehberleri, sualt\u0131 maceralar\u0131 ve daha fazlas\u0131 i\u00e7in blogumuzu ziyaret edin.","breadcrumb":{"@id":"https:\/\/sidedivingcenter.com\/blog\/#breadcrumb"},"inLanguage":"en-US","potentialAction":[{"@type":"ReadAction","target":["https:\/\/sidedivingcenter.com\/blog\/"]}]},{"@type":"BreadcrumbList","@id":"https:\/\/sidedivingcenter.com\/blog\/#breadcrumb","itemListElement":[{"@type":"ListItem","position":1,"name":"Home","item":"https:\/\/sidedivingcenter.com\/"},{"@type":"ListItem","position":2,"name":"Blog"}]},{"@type":"WebSite","@id":"https:\/\/sidedivingcenter.com\/#website","url":"https:\/\/sidedivingcenter.com\/","name":"Side Diving Center","description":"Europe&#039;s Largest Underwater Museum","publisher":{"@id":"https:\/\/sidedivingcenter.com\/#organization"},"potentialAction":[{"@type":"SearchAction","target":{"@type":"EntryPoint","urlTemplate":"https:\/\/sidedivingcenter.com\/?s={search_term_string}"},"query-input":"required name=search_term_string"}],"inLanguage":"en-US"},{"@type":"Organization","@id":"https:\/\/sidedivingcenter.com\/#organization","name":"Side Diving Center","url":"https:\/\/sidedivingcenter.com\/","logo":{"@type":"ImageObject","inLanguage":"en-US","@id":"https:\/\/sidedivingcenter.com\/#\/schema\/logo\/image\/","url":"https:\/\/sidedivingcenter.com\/wp-content\/uploads\/2024\/07\/logo.png","contentUrl":"https:\/\/sidedivingcenter.com\/wp-content\/uploads\/2024\/07\/logo.png","width":3376,"height":3376,"caption":"Side Diving Center"},"image":{"@id":"https:\/\/sidedivingcenter.com\/#\/schema\/logo\/image\/"},"sameAs":["https:\/\/www.instagram.com\/sidedivingcenter\/"],"description":"Side Diving Center, Antalya\u2019n\u0131n g\u00fczel Side \u015fehrinde yer almakta ve \u00e7e\u015fitli dal\u0131\u015f etkinlikleri d\u00fczenlemektedir. Misafirlerimize unutulmaz dal\u0131\u015f deneyimleri sunarak, onlar\u0131n g\u00fcvenli ve keyifli bir zaman ge\u00e7irmelerini sa\u011fl\u0131yoruz. Deneyimli ekibimizle, her seviyeden dal\u0131\u015f merakl\u0131s\u0131na hitap ediyoruz. M\u00fc\u015fteri memnuniyeti bizim i\u00e7in her \u015feyden \u00f6nemlidir; bu nedenle hizmetlerimizi s\u00fcrekli olarak geli\u015ftiriyor ve en y\u00fcksek standartlarda sunuyoruz. Dal\u0131\u015fa olan tutkumuzla, size en iyi sualt\u0131 maceralar\u0131n\u0131 ya\u015fatmay\u0131 hedefliyoruz.","email":"info@sidedivingcenter.com","telephone":"+905524120789","legalName":"Side Diving Center"}]}},"_links":{"self":[{"href":"https:\/\/sidedivingcenter.com\/en\/wp-json\/wp\/v2\/pages\/6212","targetHints":{"allow":["GET"]}}],"collection":[{"href":"https:\/\/sidedivingcenter.com\/en\/wp-json\/wp\/v2\/pages"}],"about":[{"href":"https:\/\/sidedivingcenter.com\/en\/wp-json\/wp\/v2\/types\/page"}],"author":[{"embeddable":true,"href":"https:\/\/sidedivingcenter.com\/en\/wp-json\/wp\/v2\/users\/1"}],"replies":[{"embeddable":true,"href":"https:\/\/sidedivingcenter.com\/en\/wp-json\/wp\/v2\/comments?post=6212"}],"version-history":[{"count":1,"href":"https:\/\/sidedivingcenter.com\/en\/wp-json\/wp\/v2\/pages\/6212\/revisions"}],"predecessor-version":[{"id":6246,"href":"https:\/\/sidedivingcenter.com\/en\/wp-json\/wp\/v2\/pages\/6212\/revisions\/6246"}],"wp:attachment":[{"href":"https:\/\/sidedivingcenter.com\/en\/wp-json\/wp\/v2\/media?parent=6212"}],"curies":[{"name":"wp","href":"https:\/\/api.w.org\/{rel}","templated":true}]}}