{"id":5829,"date":"2024-07-12T20:56:48","date_gmt":"2024-07-12T17:56:48","guid":{"rendered":"https:\/\/sidedivingcenter.com\/?page_id=5829"},"modified":"2024-08-12T10:52:38","modified_gmt":"2024-08-12T07:52:38","slug":"iletisim","status":"publish","type":"page","link":"https:\/\/sidedivingcenter.com\/ru\/iletisim\/","title":{"rendered":"\u0421\u0432\u044f\u0437\u0430\u0442\u044c\u0441\u044f \u0441"},"content":{"rendered":"<div id=\"fws_69e7587d06ac1\"  data-column-margin=\"default\" data-midnight=\"light\"  class=\"wpb_row vc_row-fluid vc_row full-width-content vc_row-o-equal-height vc_row-flex vc_row-o-content-middle\"  style=\"padding-top: 0px; padding-bottom: 0px; \"><div class=\"row-bg-wrap\" data-bg-animation=\"none\" data-bg-animation-delay=\"\" data-bg-overlay=\"false\"><div class=\"inner-wrap row-bg-layer\" ><div class=\"row-bg viewport-desktop using-bg-color\"  style=\"background-color: #f7f7f7; \"><\/div><\/div><\/div><div class=\"row_col_wrap_12 col span_12 light left\">\n\t<div style=\" color: #ffffff;\" class=\"vc_col-sm-12 wpb_column column_container vc_column_container col padding-8-percent inherit_tablet inherit_phone\" data-cfc=\"true\" data-using-bg=\"true\" data-padding-pos=\"all\" data-has-bg-color=\"true\" data-bg-color=\"#0a0a0a\" data-bg-opacity=\"0.8\" data-animation=\"\" data-delay=\"0\" >\n\t\t<div class=\"vc_column-inner\" ><div class=\"column-image-bg-wrap column-bg-layer viewport-desktop\" data-bg-pos=\"center center\" data-bg-animation=\"none\" data-bg-overlay=\"false\"><div class=\"inner-wrap\"><div class=\"column-image-bg\" style=\" background-image: url('https:\/\/sidedivingcenter.com\/wp-content\/uploads\/2024\/07\/DSC00741-scaled.jpg'); \"><\/div><\/div><\/div><div class=\"column-bg-overlay-wrap column-bg-layer\" data-bg-animation=\"none\"><div class=\"column-bg-overlay\" style=\"opacity: 0.8; background-color: #0a0a0a;\"><\/div><\/div>\n\t\t\t<div class=\"wpb_wrapper\">\n\t\t\t\t\n<div class=\"wpcf7 no-js\" id=\"wpcf7-f5903-o1\" lang=\"tr-TR\" dir=\"ltr\">\n<div class=\"screen-reader-response\"><p role=\"status\" aria-live=\"polite\" aria-atomic=\"true\"><\/p> <ul><\/ul><\/div>\n<form action=\"\/ru\/wp-json\/wp\/v2\/pages\/5829#wpcf7-f5903-o1\" method=\"post\" class=\"wpcf7-form init\" aria-label=\"\u041a\u043e\u043d\u0442\u0430\u043a\u0442\u043d\u0430\u044f \u0444\u043e\u0440\u043c\u0430\" novalidate=\"novalidate\" data-status=\"init\" data-trp-original-action=\"\/ru\/wp-json\/wp\/v2\/pages\/5829#wpcf7-f5903-o1\">\n<div style=\"display: none;\">\n<input type=\"hidden\" name=\"_wpcf7\" value=\"5903\" \/>\n<input type=\"hidden\" name=\"_wpcf7_version\" value=\"5.9.7\" \/>\n<input type=\"hidden\" name=\"_wpcf7_locale\" value=\"tr_TR\" \/>\n<input type=\"hidden\" name=\"_wpcf7_unit_tag\" value=\"wpcf7-f5903-o1\" \/>\n<input type=\"hidden\" name=\"_wpcf7_container_post\" value=\"0\" \/>\n<input type=\"hidden\" name=\"_wpcf7_posted_data_hash\" value=\"\" \/>\n<\/div>\n<p><label> \u0412\u0430\u0448\u0435 \u0438\u043c\u044f<br \/>\n<span class=\"wpcf7-form-control-wrap\" data-name=\"your-name\"><input size=\"40\" maxlength=\"400\" class=\"wpcf7-form-control wpcf7-text wpcf7-validates-as-required\" autocomplete=\"name\" aria-required=\"true\" aria-invalid=\"false\" value=\"\" type=\"text\" name=\"your-name\" \/><\/span> <\/label>\n<\/p>\n<p><label> \u0412\u0430\u0448 \u0430\u0434\u0440\u0435\u0441 \u044d\u043b\u0435\u043a\u0442\u0440\u043e\u043d\u043d\u043e\u0439 \u043f\u043e\u0447\u0442\u044b<br \/>\n<span class=\"wpcf7-form-control-wrap\" data-name=\"your-email\"><input size=\"40\" maxlength=\"400\" class=\"wpcf7-form-control wpcf7-email wpcf7-validates-as-required wpcf7-text wpcf7-validates-as-email\" autocomplete=\"email\" aria-required=\"true\" aria-invalid=\"false\" value=\"\" type=\"email\" name=\"your-email\" \/><\/span> <\/label>\n<\/p>\n<p><label> \u0422\u0435\u043c\u0430<br \/>\n<span class=\"wpcf7-form-control-wrap\" data-name=\"your-subject\"><input size=\"40\" maxlength=\"400\" class=\"wpcf7-form-control wpcf7-text wpcf7-validates-as-required\" aria-required=\"true\" aria-invalid=\"false\" value=\"\" type=\"text\" name=\"your-subject\" \/><\/span> <\/label>\n<\/p>\n<p><label> \u0412\u0430\u0448\u0435 \u0441\u043e\u043e\u0431\u0449\u0435\u043d\u0438\u0435 (\u043d\u0435\u043e\u0431\u044f\u0437\u0430\u0442\u0435\u043b\u044c\u043d\u043e)<br \/>\n<span class=\"wpcf7-form-control-wrap\" data-name=\"your-message\"><textarea cols=\"40\" rows=\"10\" maxlength=\"2000\" class=\"wpcf7-form-control wpcf7-textarea\" aria-invalid=\"false\" name=\"your-message\"><\/textarea><\/span> <\/label>\n<\/p>\n<p><input class=\"wpcf7-form-control wpcf7-submit has-spinner\" type=\"submit\" value=\"\u041e\u0442\u043f\u0440\u0430\u0432\u0438\u0442\u044c\" \/>\n<\/p><div class=\"wpcf7-response-output\" aria-hidden=\"true\"><\/div>\n<input type=\"hidden\" name=\"trp-form-language\" value=\"ru\"\/><\/form>\n<\/div>\n\n\t\t\t<\/div> \n\t\t<\/div>\n\t<\/div> \n<\/div><\/div>","protected":false},"excerpt":{"rendered":"\u0412\u0430\u0448\u0435 \u0438\u043c\u044f \u0412\u0430\u0448 \u0430\u0434\u0440\u0435\u0441 \u044d\u043b\u0435\u043a\u0442\u0440\u043e\u043d\u043d\u043e\u0439 \u043f\u043e\u0447\u0442\u044b \u0422\u0435\u043c\u0430 \u0412\u0430\u0448\u0435 \u0441\u043e\u043e\u0431\u0449\u0435\u043d\u0438\u0435 (\u043d\u0435\u043e\u0431\u044f\u0437\u0430\u0442\u0435\u043b\u044c\u043d\u043e)","protected":false},"author":1,"featured_media":0,"parent":0,"menu_order":0,"comment_status":"closed","ping_status":"closed","template":"","meta":{"footnotes":""},"class_list":["post-5829","page","type-page","status-publish"],"yoast_head":"<!-- This site is optimized with the Yoast SEO Premium plugin v23.0 (Yoast SEO v23.0) - https:\/\/yoast.com\/wordpress\/plugins\/seo\/ -->\n<title>\u0130leti\u015fim - Side Diving Center<\/title>\n<meta name=\"description\" content=\"Side Diving Center ile ileti\u015fime ge\u00e7in! Antalya Side\u2019deki dal\u0131\u015f etkinliklerimiz hakk\u0131nda bilgi almak veya rezervasyon yapmak i\u00e7in bizimle hemen ileti\u015fime ge\u00e7in.\" \/>\n<meta name=\"robots\" content=\"index, follow, max-snippet:-1, max-image-preview:large, max-video-preview:-1\" \/>\n<link rel=\"canonical\" href=\"https:\/\/sidedivingcenter.com\/ru\/iletisim\/\" \/>\n<meta property=\"og:locale\" content=\"ru_RU\" \/>\n<meta property=\"og:type\" content=\"article\" \/>\n<meta property=\"og:title\" content=\"\u0130leti\u015fim\" \/>\n<meta property=\"og:description\" content=\"Side Diving Center ile ileti\u015fime ge\u00e7in! Antalya Side\u2019deki dal\u0131\u015f etkinliklerimiz hakk\u0131nda bilgi almak veya rezervasyon yapmak i\u00e7in bizimle hemen ileti\u015fime ge\u00e7in.\" \/>\n<meta property=\"og:url\" content=\"https:\/\/sidedivingcenter.com\/ru\/iletisim\/\" \/>\n<meta property=\"og:site_name\" content=\"Side Diving Center\" \/>\n<meta property=\"article:modified_time\" content=\"2024-08-12T07:52:38+00:00\" \/>\n<meta property=\"og:image\" content=\"https:\/\/sidedivingcenter.com\/wp-content\/uploads\/2024\/07\/lo2ggo.png\" \/>\n\t<meta property=\"og:image:width\" content=\"3365\" \/>\n\t<meta property=\"og:image:height\" content=\"2178\" \/>\n\t<meta property=\"og:image:type\" content=\"image\/png\" \/>\n<meta name=\"twitter:card\" content=\"summary_large_image\" \/>\n<meta name=\"twitter:label1\" content=\"\u041f\u0440\u0438\u043c\u0435\u0440\u043d\u043e\u0435 \u0432\u0440\u0435\u043c\u044f \u0434\u043b\u044f \u0447\u0442\u0435\u043d\u0438\u044f\" \/>\n\t<meta name=\"twitter:data1\" content=\"1 \u043c\u0438\u043d\u0443\u0442\u0430\" \/>\n<script type=\"application\/ld+json\" class=\"yoast-schema-graph\">{\"@context\":\"https:\/\/schema.org\",\"@graph\":[{\"@type\":\"WebPage\",\"@id\":\"https:\/\/sidedivingcenter.com\/iletisim\/\",\"url\":\"https:\/\/sidedivingcenter.com\/iletisim\/\",\"name\":\"\u0130leti\u015fim - Side Diving Center\",\"isPartOf\":{\"@id\":\"https:\/\/sidedivingcenter.com\/#website\"},\"datePublished\":\"2024-07-12T17:56:48+00:00\",\"dateModified\":\"2024-08-12T07:52:38+00:00\",\"description\":\"Side Diving Center ile ileti\u015fime ge\u00e7in! Antalya Side\u2019deki dal\u0131\u015f etkinliklerimiz hakk\u0131nda bilgi almak veya rezervasyon yapmak i\u00e7in bizimle hemen ileti\u015fime ge\u00e7in.\",\"breadcrumb\":{\"@id\":\"https:\/\/sidedivingcenter.com\/iletisim\/#breadcrumb\"},\"inLanguage\":\"ru-RU\",\"potentialAction\":[{\"@type\":\"ReadAction\",\"target\":[\"https:\/\/sidedivingcenter.com\/iletisim\/\"]}]},{\"@type\":\"BreadcrumbList\",\"@id\":\"https:\/\/sidedivingcenter.com\/iletisim\/#breadcrumb\",\"itemListElement\":[{\"@type\":\"ListItem\",\"position\":1,\"name\":\"Home\",\"item\":\"https:\/\/sidedivingcenter.com\/\"},{\"@type\":\"ListItem\",\"position\":2,\"name\":\"\u0130leti\u015fim\"}]},{\"@type\":\"WebSite\",\"@id\":\"https:\/\/sidedivingcenter.com\/#website\",\"url\":\"https:\/\/sidedivingcenter.com\/\",\"name\":\"Side Diving Center\",\"description\":\"\",\"publisher\":{\"@id\":\"https:\/\/sidedivingcenter.com\/#organization\"},\"potentialAction\":[{\"@type\":\"SearchAction\",\"target\":{\"@type\":\"EntryPoint\",\"urlTemplate\":\"https:\/\/sidedivingcenter.com\/?s={search_term_string}\"},\"query-input\":\"required name=search_term_string\"}],\"inLanguage\":\"ru-RU\"},{\"@type\":\"Organization\",\"@id\":\"https:\/\/sidedivingcenter.com\/#organization\",\"name\":\"Side Diving Center\",\"url\":\"https:\/\/sidedivingcenter.com\/\",\"logo\":{\"@type\":\"ImageObject\",\"inLanguage\":\"ru-RU\",\"@id\":\"https:\/\/sidedivingcenter.com\/#\/schema\/logo\/image\/\",\"url\":\"https:\/\/sidedivingcenter.com\/wp-content\/uploads\/2024\/07\/logo.png\",\"contentUrl\":\"https:\/\/sidedivingcenter.com\/wp-content\/uploads\/2024\/07\/logo.png\",\"width\":3376,\"height\":3376,\"caption\":\"Side Diving Center\"},\"image\":{\"@id\":\"https:\/\/sidedivingcenter.com\/#\/schema\/logo\/image\/\"},\"sameAs\":[\"https:\/\/www.instagram.com\/sidedivingcenter\/\"],\"description\":\"Side Diving Center, Antalya\u2019n\u0131n g\u00fczel Side \u015fehrinde yer almakta ve \u00e7e\u015fitli dal\u0131\u015f etkinlikleri d\u00fczenlemektedir. Misafirlerimize unutulmaz dal\u0131\u015f deneyimleri sunarak, onlar\u0131n g\u00fcvenli ve keyifli bir zaman ge\u00e7irmelerini sa\u011fl\u0131yoruz. Deneyimli ekibimizle, her seviyeden dal\u0131\u015f merakl\u0131s\u0131na hitap ediyoruz. M\u00fc\u015fteri memnuniyeti bizim i\u00e7in her \u015feyden \u00f6nemlidir; bu nedenle hizmetlerimizi s\u00fcrekli olarak geli\u015ftiriyor ve en y\u00fcksek standartlarda sunuyoruz. Dal\u0131\u015fa olan tutkumuzla, size en iyi sualt\u0131 maceralar\u0131n\u0131 ya\u015fatmay\u0131 hedefliyoruz.\",\"email\":\"info@sidedivingcenter.com\",\"telephone\":\"+905524120789\",\"legalName\":\"Side Diving Center\"}]}<\/script>\n<!-- \/ Yoast SEO Premium plugin. -->","yoast_head_json":{"title":"\u0130leti\u015fim - Side Diving Center","description":"Side Diving Center ile ileti\u015fime ge\u00e7in! Antalya Side\u2019deki dal\u0131\u015f etkinliklerimiz hakk\u0131nda bilgi almak veya rezervasyon yapmak i\u00e7in bizimle hemen ileti\u015fime ge\u00e7in.","robots":{"index":"index","follow":"follow","max-snippet":"max-snippet:-1","max-image-preview":"max-image-preview:large","max-video-preview":"max-video-preview:-1"},"canonical":"https:\/\/sidedivingcenter.com\/ru\/iletisim\/","og_locale":"ru_RU","og_type":"article","og_title":"\u0130leti\u015fim","og_description":"Side Diving Center ile ileti\u015fime ge\u00e7in! Antalya Side\u2019deki dal\u0131\u015f etkinliklerimiz hakk\u0131nda bilgi almak veya rezervasyon yapmak i\u00e7in bizimle hemen ileti\u015fime ge\u00e7in.","og_url":"https:\/\/sidedivingcenter.com\/ru\/iletisim\/","og_site_name":"Side Diving Center","article_modified_time":"2024-08-12T07:52:38+00:00","og_image":[{"width":3365,"height":2178,"url":"https:\/\/sidedivingcenter.com\/wp-content\/uploads\/2024\/07\/lo2ggo.png","type":"image\/png"}],"twitter_card":"summary_large_image","twitter_misc":{"\u041f\u0440\u0438\u043c\u0435\u0440\u043d\u043e\u0435 \u0432\u0440\u0435\u043c\u044f \u0434\u043b\u044f \u0447\u0442\u0435\u043d\u0438\u044f":"1 \u043c\u0438\u043d\u0443\u0442\u0430"},"schema":{"@context":"https:\/\/schema.org","@graph":[{"@type":"WebPage","@id":"https:\/\/sidedivingcenter.com\/iletisim\/","url":"https:\/\/sidedivingcenter.com\/iletisim\/","name":"\u0130leti\u015fim - Side Diving Center","isPartOf":{"@id":"https:\/\/sidedivingcenter.com\/#website"},"datePublished":"2024-07-12T17:56:48+00:00","dateModified":"2024-08-12T07:52:38+00:00","description":"Side Diving Center ile ileti\u015fime ge\u00e7in! Antalya Side\u2019deki dal\u0131\u015f etkinliklerimiz hakk\u0131nda bilgi almak veya rezervasyon yapmak i\u00e7in bizimle hemen ileti\u015fime ge\u00e7in.","breadcrumb":{"@id":"https:\/\/sidedivingcenter.com\/iletisim\/#breadcrumb"},"inLanguage":"ru-RU","potentialAction":[{"@type":"ReadAction","target":["https:\/\/sidedivingcenter.com\/iletisim\/"]}]},{"@type":"BreadcrumbList","@id":"https:\/\/sidedivingcenter.com\/iletisim\/#breadcrumb","itemListElement":[{"@type":"ListItem","position":1,"name":"Home","item":"https:\/\/sidedivingcenter.com\/"},{"@type":"ListItem","position":2,"name":"\u0130leti\u015fim"}]},{"@type":"WebSite","@id":"https:\/\/sidedivingcenter.com\/#website","url":"https:\/\/sidedivingcenter.com\/","name":"Side Diving Center","description":"","publisher":{"@id":"https:\/\/sidedivingcenter.com\/#organization"},"potentialAction":[{"@type":"SearchAction","target":{"@type":"EntryPoint","urlTemplate":"https:\/\/sidedivingcenter.com\/?s={search_term_string}"},"query-input":"required name=search_term_string"}],"inLanguage":"ru-RU"},{"@type":"Organization","@id":"https:\/\/sidedivingcenter.com\/#organization","name":"Side Diving Center","url":"https:\/\/sidedivingcenter.com\/","logo":{"@type":"ImageObject","inLanguage":"ru-RU","@id":"https:\/\/sidedivingcenter.com\/#\/schema\/logo\/image\/","url":"https:\/\/sidedivingcenter.com\/wp-content\/uploads\/2024\/07\/logo.png","contentUrl":"https:\/\/sidedivingcenter.com\/wp-content\/uploads\/2024\/07\/logo.png","width":3376,"height":3376,"caption":"Side Diving Center"},"image":{"@id":"https:\/\/sidedivingcenter.com\/#\/schema\/logo\/image\/"},"sameAs":["https:\/\/www.instagram.com\/sidedivingcenter\/"],"description":"Side Diving Center, Antalya\u2019n\u0131n g\u00fczel Side \u015fehrinde yer almakta ve \u00e7e\u015fitli dal\u0131\u015f etkinlikleri d\u00fczenlemektedir. Misafirlerimize unutulmaz dal\u0131\u015f deneyimleri sunarak, onlar\u0131n g\u00fcvenli ve keyifli bir zaman ge\u00e7irmelerini sa\u011fl\u0131yoruz. Deneyimli ekibimizle, her seviyeden dal\u0131\u015f merakl\u0131s\u0131na hitap ediyoruz. M\u00fc\u015fteri memnuniyeti bizim i\u00e7in her \u015feyden \u00f6nemlidir; bu nedenle hizmetlerimizi s\u00fcrekli olarak geli\u015ftiriyor ve en y\u00fcksek standartlarda sunuyoruz. Dal\u0131\u015fa olan tutkumuzla, size en iyi sualt\u0131 maceralar\u0131n\u0131 ya\u015fatmay\u0131 hedefliyoruz.","email":"info@sidedivingcenter.com","telephone":"+905524120789","legalName":"Side Diving Center"}]}},"_links":{"self":[{"href":"https:\/\/sidedivingcenter.com\/ru\/wp-json\/wp\/v2\/pages\/5829","targetHints":{"allow":["GET"]}}],"collection":[{"href":"https:\/\/sidedivingcenter.com\/ru\/wp-json\/wp\/v2\/pages"}],"about":[{"href":"https:\/\/sidedivingcenter.com\/ru\/wp-json\/wp\/v2\/types\/page"}],"author":[{"embeddable":true,"href":"https:\/\/sidedivingcenter.com\/ru\/wp-json\/wp\/v2\/users\/1"}],"replies":[{"embeddable":true,"href":"https:\/\/sidedivingcenter.com\/ru\/wp-json\/wp\/v2\/comments?post=5829"}],"version-history":[{"count":1,"href":"https:\/\/sidedivingcenter.com\/ru\/wp-json\/wp\/v2\/pages\/5829\/revisions"}],"predecessor-version":[{"id":6241,"href":"https:\/\/sidedivingcenter.com\/ru\/wp-json\/wp\/v2\/pages\/5829\/revisions\/6241"}],"wp:attachment":[{"href":"https:\/\/sidedivingcenter.com\/ru\/wp-json\/wp\/v2\/media?parent=5829"}],"curies":[{"name":"wp","href":"https:\/\/api.w.org\/{rel}","templated":true}]}}